{"id":1798,"date":"2023-06-14T22:41:11","date_gmt":"2023-06-14T22:41:11","guid":{"rendered":"http:\/\/localhost\/montecristi\/?page_id=1798"},"modified":"2025-11-17T16:55:20","modified_gmt":"2025-11-17T21:55:20","slug":"lotaip-municipio","status":"publish","type":"page","link":"https:\/\/montecristi.gob.ec\/en\/lotaip-municipio\/","title":{"rendered":"LOTAIP MUNICIPIO"},"content":{"rendered":"<div data-elementor-type=\"wp-page\" data-elementor-id=\"1798\" class=\"elementor elementor-1798\">\n\t\t\t\t\t\t<section class=\"elementor-section elementor-top-section elementor-element elementor-element-dc9f938 elementor-section-full_width elementor-section-height-default elementor-section-height-default\" data-id=\"dc9f938\" data-element_type=\"section\" data-e-type=\"section\">\n\t\t\t\t\t\t<div class=\"elementor-container elementor-column-gap-default\">\n\t\t\t\t\t<div class=\"elementor-column elementor-col-100 elementor-top-column elementor-element elementor-element-e99018e\" data-id=\"e99018e\" data-element_type=\"column\" data-e-type=\"column\">\n\t\t\t<div class=\"elementor-widget-wrap elementor-element-populated\">\n\t\t\t\t\t\t<div class=\"elementor-element elementor-element-ad06d8e elementor-widget elementor-widget-betterdocs-search-form\" data-id=\"ad06d8e\" data-element_type=\"widget\" data-e-type=\"widget\" data-widget_type=\"betterdocs-search-form.default\">\n\t\t\t\t\t<div class=\"betterdocs-search-form-widget-wrapper\"><div class=\"betterdocs-search-modal-layout-1\" id=\"betterdocs-search-modal\" data-placeholder=\"Ingresa un index de busqueda\" data-headingtag=\"h1\" data-subheadingtag=\"p\" data-buttontext=\"Search\" data-numberofdocs=\"5\" data-numberoffaqs=\"5\" data-enable_faq_search=\"1\" data-enable_docs_search=\"1\"><\/div><\/div>\t\t\t\t<\/div>\n\t\t\t\t<div class=\"elementor-element elementor-element-51f733f elementor-widget elementor-widget-heading\" data-id=\"51f733f\" data-element_type=\"widget\" data-e-type=\"widget\" data-widget_type=\"heading.default\">\n\t\t\t\t<div class=\"elementor-widget-container\">\n\t\t\t\t\t<h1 class=\"elementor-heading-title elementor-size-default\">LOTAIP MUNICIPIO<\/h1>\t\t\t\t<\/div>\n\t\t\t\t<\/div>\n\t\t\t\t<div class=\"elementor-element elementor-element-74d8990 elementor-grid-3 elementor-grid-tablet-2 elementor-grid-mobile-1 elementor-widget elementor-widget-betterdocs-category-grid\" data-id=\"74d8990\" data-element_type=\"widget\" data-e-type=\"widget\" data-settings=\"{&quot;grid_column&quot;:&quot;3&quot;,&quot;grid_column_tablet&quot;:&quot;2&quot;,&quot;grid_column_mobile&quot;:&quot;1&quot;}\" data-widget_type=\"betterdocs-category-grid.default\">\n\t\t\t\t\t\n<div\n\tid=\"el-betterdocs-cat-grid-74d8990\" class=\"betterdocs-category-grid-wrapper betterdocs-elementor\">\n\t<div\n\t\tclass=\"betterdocs-category-grid-inner-wrapper betterdocs-category-grid grid layout-flex\" data-layout-mode=\"grid\" data-column_space_desktop=\"\" data-column_space_tab=\"\" data-column_space_mobile=\"\" data-column=\"3\" data-column_desktop=\"3\" data-column_tab=\"2\" data-column_mobile=\"1\">\n\t\t\n<article\n\tdata-id=\"54\" class=\"betterdocs-single-category-wrapper category-grid default\">\n\t<div class=\"betterdocs-single-category-inner\">\n\t\t\n<div class=\"betterdocs-category-header\">\n\t<div class=\"betterdocs-category-header-inner\">\n\t\t\n<div class=\"betterdocs-category-icon\">\n\t<img decoding=\"async\" alt=\"\" class=\"betterdocs-category-icon-img\" src=\"https:\/\/montecristi.gob.ec\/wp-content\/uploads\/2023\/06\/logo-personas-1-150x150.png\" \/><\/div>\n<h2 class=\"betterdocs-category-title\">2019 Lotaip Municipio<\/h2>\n<div data-count=\"7\" class=\"betterdocs-category-items-counts\">\n\t<span>\n\t\t 7 \t<\/span>\n<\/div>\n\t<\/div>\n<\/div>\n<div class=\"betterdocs-body\">\n<ul class=\"betterdocs-articles-list\">\n\t<li><i class=\"far fa-file-alt\"><\/i><a href=\"https:\/\/montecristi.gob.ec\/en\/docs\/junio\/\"><span>JUNIO<\/span> <\/a><\/li><li><i class=\"far fa-file-alt\"><\/i><a href=\"https:\/\/montecristi.gob.ec\/en\/docs\/julio\/\"><span>JULIO<\/span> <\/a><\/li><li><i class=\"far fa-file-alt\"><\/i><a href=\"https:\/\/montecristi.gob.ec\/en\/docs\/agosto\/\"><span>AGOSTO<\/span> <\/a><\/li><li><i class=\"far fa-file-alt\"><\/i><a href=\"https:\/\/montecristi.gob.ec\/en\/docs\/septiembre\/\"><span>SEPTIEMBRE<\/span> <\/a><\/li><li><i class=\"far fa-file-alt\"><\/i><a href=\"https:\/\/montecristi.gob.ec\/en\/docs\/octubre\/\"><span>OCTUBRE<\/span> <\/a><\/li><li><i class=\"far fa-file-alt\"><\/i><a href=\"https:\/\/montecristi.gob.ec\/en\/docs\/noviembre\/\"><span>NOVIEMBRE<\/span> <\/a><\/li><\/ul>\n<\/div>\n<div class=\"betterdocs-footer\">\n\t\n<a class=\"docs-cat-link-btn betterdocs-category-link-btn\" href=\"https:\/\/montecristi.gob.ec\/en\/categoria-documentos\/2019-lotaip-municipio\/\">\n\tExplorar m\u00e1s<i class=\"fas fa-angle-right\"><\/i><\/a>\n<\/div>\n\t<\/div>\n<\/article>\n\n<article\n\tdata-id=\"55\" class=\"betterdocs-single-category-wrapper category-grid default\">\n\t<div class=\"betterdocs-single-category-inner\">\n\t\t\n<div class=\"betterdocs-category-header\">\n\t<div class=\"betterdocs-category-header-inner\">\n\t\t\n<div class=\"betterdocs-category-icon\">\n\t<img decoding=\"async\" alt=\"\" class=\"betterdocs-category-icon-img\" src=\"https:\/\/montecristi.gob.ec\/wp-content\/uploads\/2023\/06\/logo-personas-1-150x150.png\" \/><\/div>\n<h2 class=\"betterdocs-category-title\">2020 Lotaip Municipio<\/h2>\n<div data-count=\"12\" class=\"betterdocs-category-items-counts\">\n\t<span>\n\t\t 12 \t<\/span>\n<\/div>\n\t<\/div>\n<\/div>\n<div class=\"betterdocs-body\">\n<ul class=\"betterdocs-articles-list\">\n\t<li><i class=\"far fa-file-alt\"><\/i><a href=\"https:\/\/montecristi.gob.ec\/en\/docs\/enero\/\"><span>ENERO<\/span> <\/a><\/li><li><i class=\"far fa-file-alt\"><\/i><a href=\"https:\/\/montecristi.gob.ec\/en\/docs\/febrero\/\"><span>FEBRERO<\/span> <\/a><\/li><li><i class=\"far fa-file-alt\"><\/i><a href=\"https:\/\/montecristi.gob.ec\/en\/docs\/marzo\/\"><span>MARZO<\/span> <\/a><\/li><li><i class=\"far fa-file-alt\"><\/i><a href=\"https:\/\/montecristi.gob.ec\/en\/docs\/abril\/\"><span>ABRIL<\/span> <\/a><\/li><li><i class=\"far fa-file-alt\"><\/i><a href=\"https:\/\/montecristi.gob.ec\/en\/docs\/mayo\/\"><span>MAYO<\/span> <\/a><\/li><li><i class=\"far fa-file-alt\"><\/i><a href=\"https:\/\/montecristi.gob.ec\/en\/docs\/junio-2\/\"><span>JUNIO<\/span> <\/a><\/li><\/ul>\n<\/div>\n<div class=\"betterdocs-footer\">\n\t\n<a class=\"docs-cat-link-btn betterdocs-category-link-btn\" href=\"https:\/\/montecristi.gob.ec\/en\/categoria-documentos\/2020-lotaip-municipio\/\">\n\tExplorar m\u00e1s<i class=\"fas fa-angle-right\"><\/i><\/a>\n<\/div>\n\t<\/div>\n<\/article>\n\n<article\n\tdata-id=\"56\" class=\"betterdocs-single-category-wrapper category-grid default\">\n\t<div class=\"betterdocs-single-category-inner\">\n\t\t\n<div class=\"betterdocs-category-header\">\n\t<div class=\"betterdocs-category-header-inner\">\n\t\t\n<div class=\"betterdocs-category-icon\">\n\t<img decoding=\"async\" alt=\"\" class=\"betterdocs-category-icon-img\" src=\"https:\/\/montecristi.gob.ec\/wp-content\/uploads\/2023\/06\/logo-personas-1-150x150.png\" \/><\/div>\n<h2 class=\"betterdocs-category-title\">2021 Lotaip Municipio<\/h2>\n<div data-count=\"12\" class=\"betterdocs-category-items-counts\">\n\t<span>\n\t\t 12 \t<\/span>\n<\/div>\n\t<\/div>\n<\/div>\n<div class=\"betterdocs-body\">\n<ul class=\"betterdocs-articles-list\">\n\t<li><i class=\"far fa-file-alt\"><\/i><a href=\"https:\/\/montecristi.gob.ec\/en\/docs\/enero-2\/\"><span>ENERO<\/span> <\/a><\/li><li><i class=\"far fa-file-alt\"><\/i><a href=\"https:\/\/montecristi.gob.ec\/en\/docs\/febrero-2\/\"><span>FEBRERO<\/span> <\/a><\/li><li><i class=\"far fa-file-alt\"><\/i><a href=\"https:\/\/montecristi.gob.ec\/en\/docs\/marzo-2\/\"><span>MARZO<\/span> <\/a><\/li><li><i class=\"far fa-file-alt\"><\/i><a href=\"https:\/\/montecristi.gob.ec\/en\/docs\/abril-2\/\"><span>ABRIL<\/span> <\/a><\/li><li><i class=\"far fa-file-alt\"><\/i><a href=\"https:\/\/montecristi.gob.ec\/en\/docs\/marzo-3\/\"><span>MAYO<\/span> <\/a><\/li><li><i class=\"far fa-file-alt\"><\/i><a href=\"https:\/\/montecristi.gob.ec\/en\/docs\/junio-3\/\"><span>JUNIO<\/span> <\/a><\/li><\/ul>\n<\/div>\n<div class=\"betterdocs-footer\">\n\t\n<a class=\"docs-cat-link-btn betterdocs-category-link-btn\" href=\"https:\/\/montecristi.gob.ec\/en\/categoria-documentos\/2021-lotaip-municipio\/\">\n\tExplorar m\u00e1s<i class=\"fas fa-angle-right\"><\/i><\/a>\n<\/div>\n\t<\/div>\n<\/article>\n\n<article\n\tdata-id=\"57\" class=\"betterdocs-single-category-wrapper category-grid default\">\n\t<div class=\"betterdocs-single-category-inner\">\n\t\t\n<div class=\"betterdocs-category-header\">\n\t<div class=\"betterdocs-category-header-inner\">\n\t\t\n<div class=\"betterdocs-category-icon\">\n\t<img decoding=\"async\" alt=\"\" class=\"betterdocs-category-icon-img\" src=\"https:\/\/montecristi.gob.ec\/wp-content\/uploads\/2023\/06\/logo-personas-1-150x150.png\" \/><\/div>\n<h2 class=\"betterdocs-category-title\">2022 Lotaip Municipio<\/h2>\n<div data-count=\"12\" class=\"betterdocs-category-items-counts\">\n\t<span>\n\t\t 12 \t<\/span>\n<\/div>\n\t<\/div>\n<\/div>\n<div class=\"betterdocs-body\">\n<ul class=\"betterdocs-articles-list\">\n\t<li><i class=\"far fa-file-alt\"><\/i><a href=\"https:\/\/montecristi.gob.ec\/en\/docs\/enero-3\/\"><span>ENERO<\/span> <\/a><\/li><li><i class=\"far fa-file-alt\"><\/i><a href=\"https:\/\/montecristi.gob.ec\/en\/docs\/febrero-3\/\"><span>FEBRERO<\/span> <\/a><\/li><li><i class=\"far fa-file-alt\"><\/i><a href=\"https:\/\/montecristi.gob.ec\/en\/docs\/marzo-4\/\"><span>MARZO<\/span> <\/a><\/li><li><i class=\"far fa-file-alt\"><\/i><a href=\"https:\/\/montecristi.gob.ec\/en\/docs\/abril-3\/\"><span>ABRIL<\/span> <\/a><\/li><li><i class=\"far fa-file-alt\"><\/i><a href=\"https:\/\/montecristi.gob.ec\/en\/docs\/mayo-2\/\"><span>MAYO<\/span> <\/a><\/li><li><i class=\"far fa-file-alt\"><\/i><a href=\"https:\/\/montecristi.gob.ec\/en\/docs\/junio-4\/\"><span>JUNIO<\/span> <\/a><\/li><\/ul>\n<\/div>\n<div class=\"betterdocs-footer\">\n\t\n<a class=\"docs-cat-link-btn betterdocs-category-link-btn\" href=\"https:\/\/montecristi.gob.ec\/en\/categoria-documentos\/2022-lotaip-municipio\/\">\n\tExplorar m\u00e1s<i class=\"fas fa-angle-right\"><\/i><\/a>\n<\/div>\n\t<\/div>\n<\/article>\n\n<article\n\tdata-id=\"58\" class=\"betterdocs-single-category-wrapper category-grid default\">\n\t<div class=\"betterdocs-single-category-inner\">\n\t\t\n<div class=\"betterdocs-category-header\">\n\t<div class=\"betterdocs-category-header-inner\">\n\t\t\n<div class=\"betterdocs-category-icon\">\n\t<img decoding=\"async\" alt=\"\" class=\"betterdocs-category-icon-img\" src=\"https:\/\/montecristi.gob.ec\/wp-content\/uploads\/2023\/06\/logo-personas-1-150x150.png\" \/><\/div>\n<h2 class=\"betterdocs-category-title\">2023 Lotaip Municipio<\/h2>\n<div data-count=\"12\" class=\"betterdocs-category-items-counts\">\n\t<span>\n\t\t 12 \t<\/span>\n<\/div>\n\t<\/div>\n<\/div>\n<div class=\"betterdocs-body\">\n<ul class=\"betterdocs-articles-list\">\n\t<li><i class=\"far fa-file-alt\"><\/i><a href=\"https:\/\/montecristi.gob.ec\/en\/docs\/diciembre-9\/\"><span>DICIEMBRE<\/span> <\/a><\/li><li><i class=\"far fa-file-alt\"><\/i><a href=\"https:\/\/montecristi.gob.ec\/en\/docs\/noviembre-9\/\"><span>Noviembre<\/span> <\/a><\/li><li><i class=\"far fa-file-alt\"><\/i><a href=\"https:\/\/montecristi.gob.ec\/en\/docs\/octubre-9\/\"><span>OCTUBRE<\/span> <\/a><\/li><li><i class=\"far fa-file-alt\"><\/i><a href=\"https:\/\/montecristi.gob.ec\/en\/docs\/agosto-9\/\"><span>SEPTIEMBRE<\/span> <\/a><\/li><li><i class=\"far fa-file-alt\"><\/i><a href=\"https:\/\/montecristi.gob.ec\/en\/docs\/agosto-10\/\"><span>AGOSTO<\/span> <\/a><\/li><li><i class=\"far fa-file-alt\"><\/i><a href=\"https:\/\/montecristi.gob.ec\/en\/docs\/julio-7\/\"><span>JULIO<\/span> <\/a><\/li><\/ul>\n<\/div>\n<div class=\"betterdocs-footer\">\n\t\n<a class=\"docs-cat-link-btn betterdocs-category-link-btn\" href=\"https:\/\/montecristi.gob.ec\/en\/categoria-documentos\/2023-lotaip-municipio\/\">\n\tExplorar m\u00e1s<i class=\"fas fa-angle-right\"><\/i><\/a>\n<\/div>\n\t<\/div>\n<\/article>\n\n<article\n\tdata-id=\"92\" class=\"betterdocs-single-category-wrapper category-grid default\">\n\t<div class=\"betterdocs-single-category-inner\">\n\t\t\n<div class=\"betterdocs-category-header\">\n\t<div class=\"betterdocs-category-header-inner\">\n\t\t\n<div class=\"betterdocs-category-icon\">\n\t<img decoding=\"async\" alt=\"betterdocs-category-icon\" class=\"betterdocs-category-icon-img\" src=\"https:\/\/montecristi.gob.ec\/wp-content\/plugins\/betterdocs\/assets\/admin\/images\/betterdocs-cat-icon.svg?v=4.3.8\" \/><\/div>\n<h2 class=\"betterdocs-category-title\">2024 Lotaip Municipio<\/h2>\n<div data-count=\"5\" class=\"betterdocs-category-items-counts\">\n\t<span>\n\t\t 5 \t<\/span>\n<\/div>\n\t<\/div>\n<\/div>\n<div class=\"betterdocs-body\">\n<ul class=\"betterdocs-articles-list\">\n\t<li><i class=\"far fa-file-alt\"><\/i><a href=\"https:\/\/montecristi.gob.ec\/en\/docs\/anexos-2\/\"><span>ANEXOS<\/span> <\/a><\/li><li><i class=\"far fa-file-alt\"><\/i><a href=\"https:\/\/montecristi.gob.ec\/en\/docs\/mostrar-todos-los-registros\/\"><span>Mostrar todos los registros<\/span> <\/a><\/li><li><i class=\"far fa-file-alt\"><\/i><a href=\"https:\/\/montecristi.gob.ec\/en\/docs\/marzo-11\/\"><span>MARZO<\/span> <\/a><\/li><li><i class=\"far fa-file-alt\"><\/i><a href=\"https:\/\/montecristi.gob.ec\/en\/docs\/febrero-11\/\"><span>FEBRERO<\/span> <\/a><\/li><li><i class=\"far fa-file-alt\"><\/i><a href=\"https:\/\/montecristi.gob.ec\/en\/docs\/enero-11\/\"><span>ENERO<\/span> <\/a><\/li><\/ul>\n<\/div>\t<\/div>\n<\/article>\n\n<article\n\tdata-id=\"101\" class=\"betterdocs-single-category-wrapper category-grid default\">\n\t<div class=\"betterdocs-single-category-inner\">\n\t\t\n<div class=\"betterdocs-category-header\">\n\t<div class=\"betterdocs-category-header-inner\">\n\t\t\n<div class=\"betterdocs-category-icon\">\n\t<img decoding=\"async\" alt=\"betterdocs-category-icon\" class=\"betterdocs-category-icon-img\" src=\"https:\/\/montecristi.gob.ec\/wp-content\/plugins\/betterdocs\/assets\/admin\/images\/betterdocs-cat-icon.svg?v=4.3.8\" \/><\/div>\n<h2 class=\"betterdocs-category-title\">2025 Lotaip Municipio<\/h2>\n<div data-count=\"1\" class=\"betterdocs-category-items-counts\">\n\t<span>\n\t\t 1 \t<\/span>\n<\/div>\n\t<\/div>\n<\/div>\n<div class=\"betterdocs-body\">\n<ul class=\"betterdocs-articles-list\">\n\t<li><i class=\"far fa-file-alt\"><\/i><a href=\"https:\/\/montecristi.gob.ec\/en\/docs\/lotaip-2025\/\"><span>LOTAIP 2025<\/span> <\/a><\/li><\/ul>\n<\/div>\t<\/div>\n<\/article>\n\t<\/div>\n\t\t<div class=\"clearfix\"><\/div>\n\t<\/div>\n\t\t\t\t<\/div>\n\t\t\t\t<div class=\"elementor-element elementor-element-597d38b elementor-alert-info elementor-widget elementor-widget-alert\" data-id=\"597d38b\" data-element_type=\"widget\" data-e-type=\"widget\" data-widget_type=\"alert.default\">\n\t\t\t\t<div class=\"elementor-widget-container\">\n\t\t\t\t\t\t\t<div class=\"elementor-alert\" role=\"alert\">\n\n\t\t\t\t\t\t<span class=\"elementor-alert-title\">Algunos links se encuentran deshabilitados <\/span>\n\t\t\t\n\t\t\t\t\t\t<span class=\"elementor-alert-description\">Por proceso de mejora continua se est\u00e1n abriendo nuevos m\u00f3dulos, por lo cual algunos links est\u00e1n deshabilitados temporalmente. <\/span>\n\t\t\t\n\t\t\t\t\t\t<button type=\"button\" class=\"elementor-alert-dismiss\" aria-label=\"Descartar esta alerta.\">\n\t\t\t\t<i aria-hidden=\"true\" class=\"fab fa-connectdevelop\"><\/i>\t\t\t<\/button>\n\t\t\t\n\t\t<\/div>\n\t\t\t\t\t\t<\/div>\n\t\t\t\t<\/div>\n\t\t\t\t\t<\/div>\n\t\t<\/div>\n\t\t\t\t\t<\/div>\n\t\t<\/section>\n\t\t\t\t<section class=\"elementor-section elementor-top-section elementor-element elementor-element-eb306fb elementor-section-boxed elementor-section-height-default elementor-section-height-default\" data-id=\"eb306fb\" data-element_type=\"section\" data-e-type=\"section\">\n\t\t\t\t\t\t<div class=\"elementor-container elementor-column-gap-default\">\n\t\t\t\t\t<div class=\"elementor-column elementor-col-100 elementor-top-column elementor-element elementor-element-3514665\" data-id=\"3514665\" data-element_type=\"column\" data-e-type=\"column\">\n\t\t\t<div class=\"elementor-widget-wrap\">\n\t\t\t\t\t\t\t<\/div>\n\t\t<\/div>\n\t\t\t\t\t<\/div>\n\t\t<\/section>\n\t\t\t\t<\/div>","protected":false},"excerpt":{"rendered":"<p>LOTAIP MUNICIPIO 2019 Lotaip Municipio 7 DICIEMBRE NOVIEMBRE OCTUBRE SEPTIEMBRE AGOSTO JULIO Explorar m\u00e1s 2020 Lotaip Municipio 12 DICIEMBRE NOVIEMBRE OCTUBRE SEPTIEMBRE AGOSTO JULIO Explorar m\u00e1s 2021 Lotaip Municipio 12 [&hellip;]<\/p>\n","protected":false},"author":1,"featured_media":0,"parent":0,"menu_order":0,"comment_status":"closed","ping_status":"closed","template":"","meta":{"footnotes":""},"class_list":["post-1798","page","type-page","status-publish","hentry"],"_links":{"self":[{"href":"https:\/\/montecristi.gob.ec\/en\/wp-json\/wp\/v2\/pages\/1798","targetHints":{"allow":["GET"]}}],"collection":[{"href":"https:\/\/montecristi.gob.ec\/en\/wp-json\/wp\/v2\/pages"}],"about":[{"href":"https:\/\/montecristi.gob.ec\/en\/wp-json\/wp\/v2\/types\/page"}],"author":[{"embeddable":true,"href":"https:\/\/montecristi.gob.ec\/en\/wp-json\/wp\/v2\/users\/1"}],"replies":[{"embeddable":true,"href":"https:\/\/montecristi.gob.ec\/en\/wp-json\/wp\/v2\/comments?post=1798"}],"version-history":[{"count":28,"href":"https:\/\/montecristi.gob.ec\/en\/wp-json\/wp\/v2\/pages\/1798\/revisions"}],"predecessor-version":[{"id":7725,"href":"https:\/\/montecristi.gob.ec\/en\/wp-json\/wp\/v2\/pages\/1798\/revisions\/7725"}],"wp:attachment":[{"href":"https:\/\/montecristi.gob.ec\/en\/wp-json\/wp\/v2\/media?parent=1798"}],"curies":[{"name":"wp","href":"https:\/\/api.w.org\/{rel}","templated":true}]}}