{"id":2930,"date":"2023-06-19T21:06:55","date_gmt":"2023-06-19T21:06:55","guid":{"rendered":"http:\/\/localhost\/montecristi\/?page_id=2930"},"modified":"2024-01-31T15:28:52","modified_gmt":"2024-01-31T20:28:52","slug":"lotaip-montehogar","status":"publish","type":"page","link":"https:\/\/montecristi.gob.ec\/en\/lotaip-montehogar\/","title":{"rendered":"LOTAIP"},"content":{"rendered":"<div data-elementor-type=\"wp-page\" data-elementor-id=\"2930\" class=\"elementor elementor-2930\">\n\t\t\t\t\t\t<section class=\"elementor-section elementor-top-section elementor-element elementor-element-6ef1049 elementor-section-full_width elementor-section-height-default elementor-section-height-default\" data-id=\"6ef1049\" data-element_type=\"section\" data-e-type=\"section\">\n\t\t\t\t\t\t<div class=\"elementor-container elementor-column-gap-default\">\n\t\t\t\t\t<div class=\"elementor-column elementor-col-100 elementor-top-column elementor-element elementor-element-3c6a878\" data-id=\"3c6a878\" data-element_type=\"column\" data-e-type=\"column\">\n\t\t\t<div class=\"elementor-widget-wrap\">\n\t\t\t\t\t\t\t<\/div>\n\t\t<\/div>\n\t\t\t\t\t<\/div>\n\t\t<\/section>\n\t\t\t\t<section class=\"elementor-section elementor-top-section elementor-element elementor-element-3ce085a elementor-section-full_width elementor-section-height-default elementor-section-height-default\" data-id=\"3ce085a\" data-element_type=\"section\" data-e-type=\"section\">\n\t\t\t\t\t\t<div class=\"elementor-container elementor-column-gap-default\">\n\t\t\t\t\t<div class=\"elementor-column elementor-col-100 elementor-top-column elementor-element elementor-element-0b66295\" data-id=\"0b66295\" data-element_type=\"column\" data-e-type=\"column\">\n\t\t\t<div class=\"elementor-widget-wrap elementor-element-populated\">\n\t\t\t\t\t\t<div class=\"elementor-element elementor-element-ae0335d elementor-widget elementor-widget-heading\" data-id=\"ae0335d\" data-element_type=\"widget\" data-e-type=\"widget\" data-widget_type=\"heading.default\">\n\t\t\t\t<div class=\"elementor-widget-container\">\n\t\t\t\t\t<h2 class=\"elementor-heading-title elementor-size-default\">LOTAIP MONTEHOGAR<\/h2>\t\t\t\t<\/div>\n\t\t\t\t<\/div>\n\t\t\t\t<div class=\"elementor-element elementor-element-8e971be elementor-grid-3 elementor-grid-tablet-2 elementor-grid-mobile-1 elementor-widget elementor-widget-betterdocs-category-grid\" data-id=\"8e971be\" data-element_type=\"widget\" data-e-type=\"widget\" data-settings=\"{&quot;grid_column&quot;:&quot;3&quot;,&quot;grid_column_tablet&quot;:&quot;2&quot;,&quot;grid_column_mobile&quot;:&quot;1&quot;}\" data-widget_type=\"betterdocs-category-grid.default\">\n\t\t\t\t\t\n<div\n\tid=\"el-betterdocs-cat-grid-8e971be\" class=\"betterdocs-category-grid-wrapper betterdocs-elementor\">\n\t<div\n\t\tclass=\"betterdocs-category-grid-inner-wrapper betterdocs-category-grid grid layout-flex\" data-layout-mode=\"grid\" data-column_space_desktop=\"\" data-column_space_tab=\"\" data-column_space_mobile=\"\" data-column=\"3\" data-column_desktop=\"3\" data-column_tab=\"2\" data-column_mobile=\"1\">\n\t\t\n<article\n\tdata-id=\"69\" class=\"betterdocs-single-category-wrapper category-grid default\">\n\t<div class=\"betterdocs-single-category-inner\">\n\t\t\n<div class=\"betterdocs-category-header\">\n\t<div class=\"betterdocs-category-header-inner\">\n\t\t\n<div class=\"betterdocs-category-icon\">\n\t<img decoding=\"async\" alt=\"\" class=\"betterdocs-category-icon-img\" src=\"https:\/\/montecristi.gob.ec\/wp-content\/uploads\/2023\/06\/logo-personas-1-150x150.png\" \/><\/div>\n<h2 class=\"betterdocs-category-title\">2023 LOTAIP MONTEHOGAR<\/h2>\n<div data-count=\"7\" class=\"betterdocs-category-items-counts\">\n\t<span>\n\t\t 7 \t<\/span>\n<\/div>\n\t<\/div>\n<\/div>\n<div class=\"betterdocs-body\">\n<ul class=\"betterdocs-articles-list\">\n\t<li><i class=\"far fa-file-alt\"><\/i><a href=\"https:\/\/montecristi.gob.ec\/en\/docs\/marzo-6\/\"><span>MARZO<\/span> <\/a><\/li><li><i class=\"far fa-file-alt\"><\/i><a href=\"https:\/\/montecristi.gob.ec\/en\/docs\/julio-5\/\"><span>JULIO<\/span> <\/a><\/li><li><i class=\"far fa-file-alt\"><\/i><a href=\"https:\/\/montecristi.gob.ec\/en\/docs\/agosto-7\/\"><span>AGOSTO<\/span> <\/a><\/li><li><i class=\"far fa-file-alt\"><\/i><a href=\"https:\/\/montecristi.gob.ec\/en\/docs\/septiembre-8\/\"><span>SEPTIEMBRE<\/span> <\/a><\/li><li><i class=\"far fa-file-alt\"><\/i><a href=\"https:\/\/montecristi.gob.ec\/en\/docs\/octubre-8\/\"><span>OCTUBRE<\/span> <\/a><\/li><li><i class=\"far fa-file-alt\"><\/i><a href=\"https:\/\/montecristi.gob.ec\/en\/docs\/noviembre-8\/\"><span>NOVIEMBRE<\/span> <\/a><\/li><\/ul>\n<\/div>\n<div class=\"betterdocs-footer\">\n\t\n<a class=\"docs-cat-link-btn betterdocs-category-link-btn\" href=\"https:\/\/montecristi.gob.ec\/en\/categoria-documentos\/2023-lotaip-montehogar\/\">\n\tExplorar m\u00e1s<i class=\"fas fa-angle-right\"><\/i><\/a>\n<\/div>\n\t<\/div>\n<\/article>\n\n<article\n\tdata-id=\"91\" class=\"betterdocs-single-category-wrapper category-grid default\">\n\t<div class=\"betterdocs-single-category-inner\">\n\t\t\n<div class=\"betterdocs-category-header\">\n\t<div class=\"betterdocs-category-header-inner\">\n\t\t\n<div class=\"betterdocs-category-icon\">\n\t<img decoding=\"async\" alt=\"betterdocs-category-icon\" class=\"betterdocs-category-icon-img\" src=\"https:\/\/montecristi.gob.ec\/wp-content\/plugins\/betterdocs\/assets\/admin\/images\/betterdocs-cat-icon.svg?v=4.3.8\" \/><\/div>\n<h2 class=\"betterdocs-category-title\">2024 LOTAIP MONTEHOGAR<\/h2>\n<div data-count=\"4\" class=\"betterdocs-category-items-counts\">\n\t<span>\n\t\t 4 \t<\/span>\n<\/div>\n\t<\/div>\n<\/div>\n<div class=\"betterdocs-body\">\n<ul class=\"betterdocs-articles-list\">\n\t<li><i class=\"far fa-file-alt\"><\/i><a href=\"https:\/\/montecristi.gob.ec\/en\/docs\/abril-9\/\"><span>Abril<\/span> <\/a><\/li><li><i class=\"far fa-file-alt\"><\/i><a href=\"https:\/\/montecristi.gob.ec\/en\/docs\/marzo-13\/\"><span>MARZO<\/span> <\/a><\/li><li><i class=\"far fa-file-alt\"><\/i><a href=\"https:\/\/montecristi.gob.ec\/en\/docs\/febrero-10\/\"><span>FEBRERO<\/span> <\/a><\/li><li><i class=\"far fa-file-alt\"><\/i><a href=\"https:\/\/montecristi.gob.ec\/en\/docs\/enero-10\/\"><span>ENERO<\/span> <\/a><\/li><\/ul>\n<\/div>\t<\/div>\n<\/article>\n\n<article\n\tdata-id=\"90\" class=\"betterdocs-single-category-wrapper category-grid default\">\n\t<div class=\"betterdocs-single-category-inner\">\n\t\t\n<div class=\"betterdocs-category-header\">\n\t<div class=\"betterdocs-category-header-inner\">\n\t\t\n<div class=\"betterdocs-category-icon\">\n\t<img decoding=\"async\" alt=\"betterdocs-category-icon\" class=\"betterdocs-category-icon-img\" src=\"https:\/\/montecristi.gob.ec\/wp-content\/plugins\/betterdocs\/assets\/admin\/images\/betterdocs-cat-icon.svg?v=4.3.8\" \/><\/div>\n<h2 class=\"betterdocs-category-title\">Anexos Montehogar<\/h2>\n<div data-count=\"1\" class=\"betterdocs-category-items-counts\">\n\t<span>\n\t\t 1 \t<\/span>\n<\/div>\n\t<\/div>\n<\/div>\n<div class=\"betterdocs-body\">\n<ul class=\"betterdocs-articles-list\">\n\t<li><i class=\"far fa-file-alt\"><\/i><a href=\"https:\/\/montecristi.gob.ec\/en\/docs\/anexos-montehogar\/\"><span>ANEXOS MONTEHOGAR<\/span> <\/a><\/li><\/ul>\n<\/div>\t<\/div>\n<\/article>\n\t<\/div>\n\t\t<div class=\"clearfix\"><\/div>\n\t<\/div>\n\t\t\t\t<\/div>\n\t\t\t\t\t<\/div>\n\t\t<\/div>\n\t\t\t\t\t<\/div>\n\t\t<\/section>\n\t\t\t\t<\/div>","protected":false},"excerpt":{"rendered":"<p>LOTAIP MONTEHOGAR 2023 LOTAIP MONTEHOGAR 7 DICIEMBRE NOVIEMBRE OCTUBRE SEPTIEMBRE AGOSTO JULIO Explorar m\u00e1s 2024 LOTAIP MONTEHOGAR 1 ENERO Explorar m\u00e1s Anexos Montehogar 1 ANEXOS MONTEHOGAR Explorar m\u00e1s<\/p>","protected":false},"author":1,"featured_media":0,"parent":0,"menu_order":0,"comment_status":"closed","ping_status":"closed","template":"","meta":{"footnotes":""},"class_list":["post-2930","page","type-page","status-publish","hentry"],"_links":{"self":[{"href":"https:\/\/montecristi.gob.ec\/en\/wp-json\/wp\/v2\/pages\/2930","targetHints":{"allow":["GET"]}}],"collection":[{"href":"https:\/\/montecristi.gob.ec\/en\/wp-json\/wp\/v2\/pages"}],"about":[{"href":"https:\/\/montecristi.gob.ec\/en\/wp-json\/wp\/v2\/types\/page"}],"author":[{"embeddable":true,"href":"https:\/\/montecristi.gob.ec\/en\/wp-json\/wp\/v2\/users\/1"}],"replies":[{"embeddable":true,"href":"https:\/\/montecristi.gob.ec\/en\/wp-json\/wp\/v2\/comments?post=2930"}],"version-history":[{"count":13,"href":"https:\/\/montecristi.gob.ec\/en\/wp-json\/wp\/v2\/pages\/2930\/revisions"}],"predecessor-version":[{"id":5259,"href":"https:\/\/montecristi.gob.ec\/en\/wp-json\/wp\/v2\/pages\/2930\/revisions\/5259"}],"wp:attachment":[{"href":"https:\/\/montecristi.gob.ec\/en\/wp-json\/wp\/v2\/media?parent=2930"}],"curies":[{"name":"wp","href":"https:\/\/api.w.org\/{rel}","templated":true}]}}