{"id":407,"date":"2023-05-29T11:19:50","date_gmt":"2023-05-29T11:19:50","guid":{"rendered":"http:\/\/fastwpdemo.com\/newwp\/whitehall\/?page_id=407"},"modified":"2023-07-05T17:02:22","modified_gmt":"2023-07-05T22:02:22","slug":"motecristi-historia","status":"publish","type":"page","link":"https:\/\/montecristi.gob.ec\/en\/motecristi-historia\/","title":{"rendered":"Montecristi Cuna de Alfaro"},"content":{"rendered":"<div data-elementor-type=\"wp-page\" data-elementor-id=\"407\" class=\"elementor elementor-407\">\n\t\t\t\t\t\t<section class=\"elementor-section elementor-top-section elementor-element elementor-element-09af874 elementor-section-full_width elementor-section-height-default elementor-section-height-default\" data-id=\"09af874\" data-element_type=\"section\" data-e-type=\"section\">\n\t\t\t\t\t\t<div class=\"elementor-container elementor-column-gap-default\">\n\t\t\t\t\t<div class=\"elementor-column elementor-col-100 elementor-top-column elementor-element elementor-element-4e5f895\" data-id=\"4e5f895\" data-element_type=\"column\" data-e-type=\"column\">\n\t\t\t<div class=\"elementor-widget-wrap elementor-element-populated\">\n\t\t\t\t\t\t<div class=\"elementor-element elementor-element-af7056c elementor-widget elementor-widget-whitehall_about_us_v3\" data-id=\"af7056c\" data-element_type=\"widget\" data-e-type=\"widget\" data-widget_type=\"whitehall_about_us_v3.default\">\n\t\t\t\t<div class=\"elementor-widget-container\">\n\t\t\t\t\t        \n\t\t<!-- about-style-three -->\n        <section class=\"about-style-three\">\n            <div class=\"auto-container\">\n                <div class=\"row clearfix align-items-center\">\n                    <div class=\"col-lg-4 col-md-12 col-sm-12 content-column\">\n                        <div class=\"content_block_5\">\n                            <div class=\"content-box\">\n                                <div class=\"sec-title\">\n\t\t\t\t\t\t\t\t\t\t\t\t\t\t\t\t\t\t\n                                    \t\t\t\t\t\t\t\t\t<h2>\nMontecristi <\/h2>\n                                    <div class=\"title-shape\"><\/div>\n\t\t\t\t\t\t\t\t\t                                <\/div>\n                                <div class=\"text\">\n\t\t\t\t\t\t\t\t\t<h4>El 25 de junio de 1822 alcanz\u00f3 la categor\u00eda de cant\u00f3n.\n<\/h4>\n\t\t\t\t\t\t\t\t\t<p><p align=\"justify\">Cant\u00f3n con historia y mucha tradici\u00f3n. Su m\u00e1s grande figura hist\u00f3rica es el general Eloy Alfaro Delgado, uno de los mayores revolucionarios del pa\u00eds. Parte de sus restos reposan en el museo de la Ciudad Alfaro, ubicado en lo alto del cerro Montecristi, escalado por personas que gustan del riego y la aventura. Cuenta con playas, la m\u00e1s visitada San Jos\u00e9.\n\nSus artesan\u00edas elaboradas en paja toquillas, mimbre, piquigua, pl\u00e1stico y madera son reconocidas en todo el pa\u00eds y fuera del \u00e9l. Su identidad est\u00e1 en los sombreros finos de paja toquilla, reconocidos en el mundo como \u201cPanam\u00e1 Hat\u201d<\/p><\/p>\n\n\t\t\t\t\t\t\t\t\t                                <\/div>\n                            <\/div>\n                        <\/div>\n                    <\/div>\n                    <div class=\"col-lg-4 col-md-6 col-sm-12 image-column\">\n                        <figure class=\"image-box\"><img decoding=\"async\" src=\"https:\/\/montecristi.gob.ec\/wp-content\/uploads\/2023\/06\/imagen_2022-09-29_082329645-1.png\" alt=\"Awesome Image\"><\/figure>\n                    <\/div>\n                    <div class=\"col-lg-4 col-md-6 col-sm-12 inner-column\">\n\t\t\t\t\t\t                        <div class=\"feature-block-one\">\n                            <div class=\"inner-box\">\n                                <figure class=\"image\"><img decoding=\"async\" src=\"https:\/\/montecristi.gob.ec\/wp-content\/uploads\/2023\/06\/WhatsApp-Image-2023-06-11-at-4.38.52-PM-2.jpeg\" alt=\"Awesome Image\"><\/figure>\n                                <div class=\"text\">\n                                    <h4>Historia<\/h4>\n\t\t\t\t\t\t\t\t\t\n\t\t\t\t\t\t\t\t\t                                    <a href=\"#\"><i class=\"flaticon-right-arrow\"><\/i><\/a>\n\t\t\t\t\t\t\t\t\t                                <\/div>\n                                <div class=\"overlay-content\">\n                                    <h4>Historia<\/h4>\n                                    <p><\/p>\n                                <\/div>\n                            <\/div>\n                        <\/div>\n                                                <div class=\"feature-block-one\">\n                            <div class=\"inner-box\">\n                                <figure class=\"image\"><img decoding=\"async\" src=\"https:\/\/montecristi.gob.ec\/wp-content\/uploads\/2023\/06\/WhatsApp-Image-2023-06-11-at-4.38.52-PM-3.jpeg\" alt=\"Awesome Image\"><\/figure>\n                                <div class=\"text\">\n                                    <h4>Recuento Historico<\/h4>\n\t\t\t\t\t\t\t\t\t\n\t\t\t\t\t\t\t\t\t                                    <a href=\"#\"><i class=\"flaticon-right-arrow\"><\/i><\/a>\n\t\t\t\t\t\t\t\t\t                                <\/div>\n                                <div class=\"overlay-content\">\n                                    <h4>Recuento Historico<\/h4>\n                                    <p><\/p>\n                                <\/div>\n                            <\/div>\n                        <\/div>\n                                            <\/div>\n                <\/div>\n            <\/div>\n        <\/section>\n        <!-- about-style-three end -->\n\n        \t\t\t\t<\/div>\n\t\t\t\t<\/div>\n\t\t\t\t\t<\/div>\n\t\t<\/div>\n\t\t\t\t\t<\/div>\n\t\t<\/section>\n\t\t\t\t<section class=\"elementor-section elementor-top-section elementor-element elementor-element-fc65249 elementor-section-full_width elementor-section-height-default elementor-section-height-default\" data-id=\"fc65249\" data-element_type=\"section\" data-e-type=\"section\">\n\t\t\t\t\t\t<div class=\"elementor-container elementor-column-gap-default\">\n\t\t\t\t\t<div class=\"elementor-column elementor-col-100 elementor-top-column elementor-element elementor-element-de9c421\" data-id=\"de9c421\" data-element_type=\"column\" data-e-type=\"column\">\n\t\t\t<div class=\"elementor-widget-wrap elementor-element-populated\">\n\t\t\t\t\t\t<div class=\"elementor-element elementor-element-96eb6a5 elementor-widget elementor-widget-whitehall_about_department\" data-id=\"96eb6a5\" data-element_type=\"widget\" data-e-type=\"widget\" data-widget_type=\"whitehall_about_department.default\">\n\t\t\t\t<div class=\"elementor-widget-container\">\n\t\t\t\t\t        \n        <!-- about-department -->\n        <section class=\"about-department sec-pad-2\">\n            <div class=\"auto-container\">\n                <div class=\"row clearfix\">\n                    <div class=\"col-lg-8 col-md-12 col-sm-12 content-column\">\n                        <div class=\"content_block_11\">\n                            <div class=\"content-box\">\n                                <div class=\"sec-title light\">\n\t\t\t\t\t\t\t\t\t\n\t\t\t\t\t\t\t\t\t\t\t\t\t\t\t\t\t\t<h2>Historia<\/h2>\n\t\t\t\t\t\t\t\t\t<div class=\"title-shape\"><\/div>\n\t\t\t\t\t\t\t\t\t                                <\/div>\n                                <div class=\"text\">\n                                    <p><p align=\"justify\">Se dice que Montecristi se form\u00f3 durante los primeros a\u00f1os de la conquista espa\u00f1ola, posiblemente entre 1536 y 1537, con pobladores de Manta que abandonaron su pueblo huyendo de los ataques piratas. Entre los primeros pobladores aparece un se\u00f1or de apellido \"Criste\", quien habr\u00eda construido su casa en la cima del monte, por eso se cree que el lugar adquiri\u00f3 el nombre de Montecriste, que luego, por facilidad idiom\u00e1tica, termin\u00f3 llam\u00e1ndose Montecristi. El 25 de junio de 1822 alcanz\u00f3 la categor\u00eda de cant\u00f3n. El territorio de Montecristi llegaba hasta Atacames, pero el 18 de octubre de 1826 la Ley le quita ese derecho. Durante los primeros a\u00f1os de la rep\u00fablica, fue capital de la Provincia de Manab\u00ed, pero luego de un terrible incendio, que a mediados de 1867 la arras\u00f3 considerablemente, entreg\u00f3, por decreto de Jer\u00f3nimo Carri\u00f3n, su categor\u00eda de capital a Portoviejo, que la conserva desde ese a\u00f1o.<\/p>\n                                <\/div>\n                                <div class=\"inner-box clearfix\">\n\t\t\t\t\t\t\t\t\t\t\t\t\t\t\t\t\t\t\n\t\t\t\t\t\t\t\t\t                                <\/div>\n                            <\/div>\n                        <\/div>\n                    <\/div>\n                    <div class=\"col-lg-4 col-md-12 col-sm-12 image-column\">\n                        <figure class=\"image-box\"><img decoding=\"async\" src=\"https:\/\/montecristi.gob.ec\/wp-content\/uploads\/2023\/06\/imagen_2022-09-29_082329645-1.png\" alt=\"Awesome Image\"><\/figure>\n                    <\/div>\n                <\/div>\n            <\/div>\n        <\/section>\n        <!-- about-department end -->\n\n        \t\t\t\t<\/div>\n\t\t\t\t<\/div>\n\t\t\t\t\t<\/div>\n\t\t<\/div>\n\t\t\t\t\t<\/div>\n\t\t<\/section>\n\t\t\t\t<section class=\"elementor-section elementor-top-section elementor-element elementor-element-1567347 elementor-section-full_width elementor-section-height-default elementor-section-height-default\" data-id=\"1567347\" data-element_type=\"section\" data-e-type=\"section\">\n\t\t\t\t\t\t<div class=\"elementor-container elementor-column-gap-default\">\n\t\t\t\t\t<div class=\"elementor-column elementor-col-100 elementor-top-column elementor-element elementor-element-0dfddfa\" data-id=\"0dfddfa\" data-element_type=\"column\" data-e-type=\"column\">\n\t\t\t<div class=\"elementor-widget-wrap elementor-element-populated\">\n\t\t\t\t\t\t<div class=\"elementor-element elementor-element-6229f4f elementor-widget elementor-widget-whitehall_about_department\" data-id=\"6229f4f\" data-element_type=\"widget\" data-e-type=\"widget\" data-widget_type=\"whitehall_about_department.default\">\n\t\t\t\t<div class=\"elementor-widget-container\">\n\t\t\t\t\t        \n        <!-- about-department -->\n        <section class=\"about-department sec-pad-2\">\n            <div class=\"auto-container\">\n                <div class=\"row clearfix\">\n                    <div class=\"col-lg-8 col-md-12 col-sm-12 content-column\">\n                        <div class=\"content_block_11\">\n                            <div class=\"content-box\">\n                                <div class=\"sec-title light\">\n\t\t\t\t\t\t\t\t\t\n\t\t\t\t\t\t\t\t\t\t\t\t\t\t\t\t\t\t<h2>Ubicaci\u00f3n Y Limites<\/h2>\n\t\t\t\t\t\t\t\t\t<div class=\"title-shape\"><\/div>\n\t\t\t\t\t\t\t\t\t                                <\/div>\n                                <div class=\"text\">\n                                    <p><p align=\"justify\"> \nPa\u00eds: Ecuador <br>\nRegi\u00f3n: Costa<br>\nProvincia: Manab\u00ed<br>\nLatitud: -1.05034<br>\nLongitud: -80.660719<br>\n\n<br>\n\nNorte: con el Cant\u00f3n Manta y Cant\u00f3n Jaramij\u00f3<br>\n\nSur: con el Oc\u00e9ano Pac\u00edfico y Cant\u00f3n Jipijapa<br>\n\nEste: el Cant\u00f3n Portoviejo<br>\n\nOeste: el cant\u00f3n Manta y el Oc\u00e9ano Pac\u00edfico.<br>\n<\/p>\n                                <\/div>\n                                <div class=\"inner-box clearfix\">\n\t\t\t\t\t\t\t\t\t\t\t\t\t\t\t\t\t\t\n\t\t\t\t\t\t\t\t\t                                <\/div>\n                            <\/div>\n                        <\/div>\n                    <\/div>\n                    <div class=\"col-lg-4 col-md-12 col-sm-12 image-column\">\n                        <figure class=\"image-box\"><img decoding=\"async\" src=\"https:\/\/montecristi.gob.ec\/wp-content\/uploads\/2023\/06\/imagen_2022-09-29_082329645-2.png\" alt=\"Awesome Image\"><\/figure>\n                    <\/div>\n                <\/div>\n            <\/div>\n        <\/section>\n        <!-- about-department end -->\n\n        \t\t\t\t<\/div>\n\t\t\t\t<\/div>\n\t\t\t\t\t<\/div>\n\t\t<\/div>\n\t\t\t\t\t<\/div>\n\t\t<\/section>\n\t\t\t\t<section class=\"elementor-section elementor-top-section elementor-element elementor-element-3c6a087 elementor-section-full_width elementor-section-height-default elementor-section-height-default\" data-id=\"3c6a087\" data-element_type=\"section\" data-e-type=\"section\" data-settings=\"{&quot;background_background&quot;:&quot;classic&quot;}\">\n\t\t\t\t\t\t\t<div class=\"elementor-background-overlay\"><\/div>\n\t\t\t\t\t\t\t<div class=\"elementor-container elementor-column-gap-default\">\n\t\t\t\t\t<div class=\"elementor-column elementor-col-50 elementor-top-column elementor-element elementor-element-761e391\" data-id=\"761e391\" data-element_type=\"column\" data-e-type=\"column\">\n\t\t\t<div class=\"elementor-widget-wrap elementor-element-populated\">\n\t\t\t\t\t\t<div class=\"elementor-element elementor-element-e34ad51 elementor-widget elementor-widget-heading\" data-id=\"e34ad51\" data-element_type=\"widget\" data-e-type=\"widget\" data-widget_type=\"heading.default\">\n\t\t\t\t<div class=\"elementor-widget-container\">\n\t\t\t\t\t<h2 class=\"elementor-heading-title elementor-size-default\">Bandera de Montecristi<\/h2>\t\t\t\t<\/div>\n\t\t\t\t<\/div>\n\t\t\t\t<div class=\"elementor-element elementor-element-9957e12 elementor-widget elementor-widget-image\" data-id=\"9957e12\" data-element_type=\"widget\" data-e-type=\"widget\" data-widget_type=\"image.default\">\n\t\t\t\t<div class=\"elementor-widget-container\">\n\t\t\t\t\t\t\t\t\t\t\t\t\t\t\t<img fetchpriority=\"high\" decoding=\"async\" width=\"525\" height=\"350\" src=\"https:\/\/montecristi.gob.ec\/wp-content\/uploads\/2023\/06\/Bandera-de-Montecristi_1.jpg\" class=\"attachment-large size-large wp-image-1554\" alt=\"\" srcset=\"https:\/\/montecristi.gob.ec\/wp-content\/uploads\/2023\/06\/Bandera-de-Montecristi_1.jpg 750w, https:\/\/montecristi.gob.ec\/wp-content\/uploads\/2023\/06\/Bandera-de-Montecristi_1-300x200.jpg 300w\" sizes=\"(max-width: 525px) 100vw, 525px\" \/>\t\t\t\t\t\t\t\t\t\t\t\t\t\t\t<\/div>\n\t\t\t\t<\/div>\n\t\t\t\t<div class=\"elementor-element elementor-element-c391f2b elementor-widget elementor-widget-image\" data-id=\"c391f2b\" data-element_type=\"widget\" data-e-type=\"widget\" data-widget_type=\"image.default\">\n\t\t\t\t<div class=\"elementor-widget-container\">\n\t\t\t\t\t\t\t\t\t\t\t\t\t\t\t<img decoding=\"async\" width=\"232\" height=\"300\" src=\"https:\/\/montecristi.gob.ec\/wp-content\/uploads\/2023\/06\/Escudo-de-Montecristi_1-232x300.jpg\" class=\"attachment-medium size-medium wp-image-1555\" alt=\"\" srcset=\"https:\/\/montecristi.gob.ec\/wp-content\/uploads\/2023\/06\/Escudo-de-Montecristi_1-232x300.jpg 232w, https:\/\/montecristi.gob.ec\/wp-content\/uploads\/2023\/06\/Escudo-de-Montecristi_1.jpg 364w\" sizes=\"(max-width: 232px) 100vw, 232px\" \/>\t\t\t\t\t\t\t\t\t\t\t\t\t\t\t<\/div>\n\t\t\t\t<\/div>\n\t\t\t\t\t<\/div>\n\t\t<\/div>\n\t\t\t\t<div class=\"elementor-column elementor-col-50 elementor-top-column elementor-element elementor-element-bfb8bd5\" data-id=\"bfb8bd5\" data-element_type=\"column\" data-e-type=\"column\">\n\t\t\t<div class=\"elementor-widget-wrap elementor-element-populated\">\n\t\t\t\t\t\t<div class=\"elementor-element elementor-element-198c21d elementor-widget elementor-widget-heading\" data-id=\"198c21d\" data-element_type=\"widget\" data-e-type=\"widget\" data-widget_type=\"heading.default\">\n\t\t\t\t<div class=\"elementor-widget-container\">\n\t\t\t\t\t<h2 class=\"elementor-heading-title elementor-size-default\">Himno a Montecristi<\/h2>\t\t\t\t<\/div>\n\t\t\t\t<\/div>\n\t\t\t\t<div class=\"elementor-element elementor-element-4d5d8d8 elementor-widget elementor-widget-text-editor\" data-id=\"4d5d8d8\" data-element_type=\"widget\" data-e-type=\"widget\" data-widget_type=\"text-editor.default\">\n\t\t\t\t<div class=\"elementor-widget-container\">\n\t\t\t\t\t\t\t\t\t<p>CORO<br \/>Nuestras gracias al cielo elevemos<br \/>Saludando la aurora del d\u00eda<br \/>Y de nuevo y de nuevo juremos<br \/>Castigar la tirana osad\u00eda.<\/p><p>I<br \/>Saludemos al Dios de la guerra<br \/>Invocando los nombres gloriosos.<br \/>De esos hombres que un d\u00eda generosos<br \/>Con su sangre regaron la tierra.<br \/>Invoquemos los nombres sagrados<br \/>De los muchos patriotas que hubieron<br \/>De los muchos que altivos quiz\u00e1s libertad.<\/p><p>II<br \/>Montecristi, levanta la frente<br \/>Que los pueblos admiran tu historia<br \/>La entusiasta y patri\u00f3tica gente<br \/>Orgullosamente revela tu gloria.<br \/>Hasta el sol se detiene a tus plantas<br \/>Las estrellas vacilan al verte,<br \/>Y los pueblos admiran tu suerte<br \/>Escuchando los himnos que cantas.<\/p><p>III<br \/>Celebremos la paz invocada<br \/>Por los pueblos altivos como este<br \/>Y la guerra maldita deteste<br \/>Montecristi la tierra sagrada<br \/>Libertad Libertad Pregonemos<br \/>Que el acero se encuentra templado; y<br \/>Cuidado tirano cuidado<br \/>Que la frente con sangre la vemos.<\/p><p>IV<br \/>Viva Octubre la fecha inmortal<br \/>En que todos los pueblos se alzaron<br \/>Viva Octubre, es fecha casual<br \/>En que todos los pueblos triunfaron<br \/>Montecristi, tu historia es muy santa<br \/>Tus mujeres valientes y hermosas<br \/>Tus varones son almas grandiosas<br \/>Y es tu suelo de gloria una planta.<\/p><p>Autor:\u00a0Tem\u00edstocles J. Estrada<br \/>M\u00fasica:\u00a0Jorge Adalberto Mero Carrasco<\/p>\t\t\t\t\t\t\t\t<\/div>\n\t\t\t\t<\/div>\n\t\t\t\t\t<\/div>\n\t\t<\/div>\n\t\t\t\t\t<\/div>\n\t\t<\/section>\n\t\t\t\t<section class=\"elementor-section elementor-top-section elementor-element elementor-element-d44a25a elementor-section-boxed elementor-section-height-default elementor-section-height-default\" data-id=\"d44a25a\" data-element_type=\"section\" data-e-type=\"section\">\n\t\t\t\t\t\t<div class=\"elementor-container elementor-column-gap-default\">\n\t\t\t\t\t<div class=\"elementor-column elementor-col-100 elementor-top-column elementor-element elementor-element-bcf0625\" data-id=\"bcf0625\" data-element_type=\"column\" data-e-type=\"column\">\n\t\t\t<div class=\"elementor-widget-wrap elementor-element-populated\">\n\t\t\t\t\t\t<div class=\"elementor-element elementor-element-2270d69 elementor-widget elementor-widget-audio\" data-id=\"2270d69\" data-element_type=\"widget\" data-e-type=\"widget\" data-widget_type=\"audio.default\">\n\t\t\t\t<div class=\"elementor-widget-container\">\n\t\t\t\t\t\t\t\t<div class=\"elementor-soundcloud-wrapper\">\n\t\t\t\t<iframe width=\"525\" height=\"200\" frameborder=\"no\" src=\"https:\/\/w.soundcloud.com\/player\/?visual=false&#038;url=https%3A%2F%2Fapi.soundcloud.com%2Ftracks%2F1557002647&#038;show_artwork=true&#038;maxheight=788&#038;maxwidth=525&#038;auto_play=false&#038;buying=false&#038;liking=true&#038;download=true&#038;sharing=true&#038;show_comments=true&#038;show_playcount=true&#038;show_user=true&#038;color=147224\"><\/iframe>\t\t\t<\/div>\n\t\t\t\t\t\t\t<\/div>\n\t\t\t\t<\/div>\n\t\t\t\t\t<\/div>\n\t\t<\/div>\n\t\t\t\t\t<\/div>\n\t\t<\/section>\n\t\t\t\t<section class=\"elementor-section elementor-top-section elementor-element elementor-element-87473a3 elementor-section-full_width elementor-section-height-default elementor-section-height-default\" data-id=\"87473a3\" data-element_type=\"section\" data-e-type=\"section\">\n\t\t\t\t\t\t<div class=\"elementor-container elementor-column-gap-default\">\n\t\t\t\t\t<div class=\"elementor-column elementor-col-100 elementor-top-column elementor-element elementor-element-007bb7c\" data-id=\"007bb7c\" data-element_type=\"column\" data-e-type=\"column\">\n\t\t\t<div class=\"elementor-widget-wrap elementor-element-populated\">\n\t\t\t\t\t\t<div class=\"elementor-element elementor-element-debbd0e elementor-widget elementor-widget-google_maps\" data-id=\"debbd0e\" data-element_type=\"widget\" data-e-type=\"widget\" data-widget_type=\"google_maps.default\">\n\t\t\t\t<div class=\"elementor-widget-container\">\n\t\t\t\t\t\t\t<div class=\"elementor-custom-embed\">\n\t\t\t<iframe loading=\"lazy\"\n\t\t\t\t\tsrc=\"https:\/\/maps.google.com\/maps?q=Montecristi%2C%20ecuador&#038;t=m&#038;z=15&#038;output=embed&#038;iwloc=near\"\n\t\t\t\t\ttitle=\"Montecristi, ecuador\"\n\t\t\t\t\taria-label=\"Montecristi, ecuador\"\n\t\t\t><\/iframe>\n\t\t<\/div>\n\t\t\t\t\t\t<\/div>\n\t\t\t\t<\/div>\n\t\t\t\t\t<\/div>\n\t\t<\/div>\n\t\t\t\t\t<\/div>\n\t\t<\/section>\n\t\t\t\t<section class=\"elementor-section elementor-top-section elementor-element elementor-element-a43d18a elementor-section-boxed elementor-section-height-default elementor-section-height-default\" data-id=\"a43d18a\" data-element_type=\"section\" data-e-type=\"section\">\n\t\t\t\t\t\t<div class=\"elementor-container elementor-column-gap-default\">\n\t\t\t\t\t<div class=\"elementor-column elementor-col-100 elementor-top-column elementor-element elementor-element-6060ae7\" data-id=\"6060ae7\" data-element_type=\"column\" data-e-type=\"column\">\n\t\t\t<div class=\"elementor-widget-wrap\">\n\t\t\t\t\t\t\t<\/div>\n\t\t<\/div>\n\t\t\t\t\t<\/div>\n\t\t<\/section>\n\t\t\t\t<\/div>","protected":false},"excerpt":{"rendered":"<p>Montecristi El 25 de junio de 1822 alcanz\u00f3 la categor\u00eda de cant\u00f3n. Cant\u00f3n con historia y mucha tradici\u00f3n. Su m\u00e1s grande figura hist\u00f3rica es el general Eloy Alfaro Delgado, uno [&hellip;]<\/p>\n","protected":false},"author":1,"featured_media":0,"parent":0,"menu_order":0,"comment_status":"closed","ping_status":"closed","template":"tpl-default-elementor.php","meta":{"footnotes":""},"class_list":["post-407","page","type-page","status-publish","hentry"],"_links":{"self":[{"href":"https:\/\/montecristi.gob.ec\/en\/wp-json\/wp\/v2\/pages\/407","targetHints":{"allow":["GET"]}}],"collection":[{"href":"https:\/\/montecristi.gob.ec\/en\/wp-json\/wp\/v2\/pages"}],"about":[{"href":"https:\/\/montecristi.gob.ec\/en\/wp-json\/wp\/v2\/types\/page"}],"author":[{"embeddable":true,"href":"https:\/\/montecristi.gob.ec\/en\/wp-json\/wp\/v2\/users\/1"}],"replies":[{"embeddable":true,"href":"https:\/\/montecristi.gob.ec\/en\/wp-json\/wp\/v2\/comments?post=407"}],"version-history":[{"count":33,"href":"https:\/\/montecristi.gob.ec\/en\/wp-json\/wp\/v2\/pages\/407\/revisions"}],"predecessor-version":[{"id":7133,"href":"https:\/\/montecristi.gob.ec\/en\/wp-json\/wp\/v2\/pages\/407\/revisions\/7133"}],"wp:attachment":[{"href":"https:\/\/montecristi.gob.ec\/en\/wp-json\/wp\/v2\/media?parent=407"}],"curies":[{"name":"wp","href":"https:\/\/api.w.org\/{rel}","templated":true}]}}