{"id":4637,"date":"2023-09-28T16:23:00","date_gmt":"2023-09-28T21:23:00","guid":{"rendered":"https:\/\/montecristi.gob.ec\/?page_id=4637"},"modified":"2023-09-28T16:54:47","modified_gmt":"2023-09-28T21:54:47","slug":"alcaldes-se-reunieron-para-tomar-decisiones-entorno-a-acuerdos-definidos-en-la-presidencia-de-la-republica","status":"publish","type":"page","link":"https:\/\/montecristi.gob.ec\/en\/noticias-blog-gadmcm\/alcaldes-se-reunieron-para-tomar-decisiones-entorno-a-acuerdos-definidos-en-la-presidencia-de-la-republica\/","title":{"rendered":"Alcaldes se reunieron para tomar decisiones entorno a acuerdos definidos en la Presidencia\u00a0\u00a0de la Rep\u00fablica"},"content":{"rendered":"<p class=\"has-text-align-right has-light-black-color has-text-color\">Bolet\u00edn de Prensa 018 \u2013 DCSRPM-GADMCM-2023<\/p>\n\n\n\n<p class=\"has-text-align-right has-light-black-color has-text-color\">Montecristi, 28 de septiembre del 2023<\/p>\n\n\n\n<p class=\"has-very-dark-black-color has-text-color\"><br><strong>Alcaldes se reunieron para tomar decisiones entorno a acuerdos definidos en la Presidencia&nbsp;&nbsp;de la Rep\u00fablica.<br><\/strong><br>Tras dialogar con el Secretario del Gobierno Central, los alcaldes de Manta, Montecristi y Jaramij\u00f3 se reunieron en una mesa de di\u00e1logo para tomar decisiones sobre el futuro del acueducto La Esperanza que nos abastece del l\u00edquido vital a los Cantones afectados.<br><br>El alcalde Jonathan Toro, representante del Cant\u00f3n Montecristi, enfatiz\u00f3 su compromiso con la distribuci\u00f3n equitativa del agua y la importancia de respetar rigurosamente la franja horaria establecida para su uso. <strong><em>\u00abEl agua es un recurso vital que debe beneficiar a todos por igual\u00bb<\/em><\/strong>, declar\u00f3 el Alcalde Toro.<br><br>La alcaldesa de Manta, Marciana Valdivieso, destac\u00f3 la importancia de la unidad para unir fuerza, y juntos trabajar incansablemente para llevar agua potable a los cantones afectados y poner fin a esta problem\u00e1tica, afirm\u00f3 con determinaci\u00f3n.<br><br>Por su parte, Sim\u00e9trico Calder\u00f3n hizo un llamado a la unidad de los tres alcaldes y a seguir luchando por este beneficio esencial para la comunidad. \u00abEs hora de que asumamos el liderazgo, hagamos plantones y garantizar que nuestra gente obtenga lo que se merece\u00bb, inst\u00f3 Calder\u00f3n.<\/p>\n\n\n\n<p class=\"has-very-dark-black-color has-text-color\">Este encuentro promete marcar un hito en la b\u00fasqueda de soluciones para el suministro equitativo de agua entre los cantones afectados, con autoridades comprometidos en trabajar incansablemente en beneficio de la comunidad.<\/p>\n\n\n\n<figure class=\"wp-block-gallery has-nested-images columns-default is-cropped wp-block-gallery-1 is-layout-flex wp-block-gallery-is-layout-flex\">\n<figure class=\"wp-block-image size-large\"><img fetchpriority=\"high\" decoding=\"async\" width=\"1024\" height=\"682\" data-id=\"4640\" src=\"https:\/\/montecristi.gob.ec\/wp-content\/uploads\/2023\/09\/2-alcaldes.png\" alt=\"\" class=\"wp-image-4640\" srcset=\"https:\/\/montecristi.gob.ec\/wp-content\/uploads\/2023\/09\/2-alcaldes.png 1024w, https:\/\/montecristi.gob.ec\/wp-content\/uploads\/2023\/09\/2-alcaldes-300x200.png 300w, https:\/\/montecristi.gob.ec\/wp-content\/uploads\/2023\/09\/2-alcaldes-768x512.png 768w, https:\/\/montecristi.gob.ec\/wp-content\/uploads\/2023\/09\/2-alcaldes-18x12.png 18w\" sizes=\"(max-width: 1024px) 100vw, 1024px\" \/><\/figure>\n\n\n\n<figure class=\"wp-block-image size-large\"><img decoding=\"async\" width=\"1024\" height=\"682\" data-id=\"4644\" src=\"https:\/\/montecristi.gob.ec\/wp-content\/uploads\/2023\/09\/1-alcalde-1.png\" alt=\"\" class=\"wp-image-4644\" srcset=\"https:\/\/montecristi.gob.ec\/wp-content\/uploads\/2023\/09\/1-alcalde-1.png 1024w, https:\/\/montecristi.gob.ec\/wp-content\/uploads\/2023\/09\/1-alcalde-1-300x200.png 300w, https:\/\/montecristi.gob.ec\/wp-content\/uploads\/2023\/09\/1-alcalde-1-768x512.png 768w, https:\/\/montecristi.gob.ec\/wp-content\/uploads\/2023\/09\/1-alcalde-1-18x12.png 18w\" sizes=\"(max-width: 1024px) 100vw, 1024px\" \/><\/figure>\n\n\n<\/figure>","protected":false},"excerpt":{"rendered":"<p>Bolet\u00edn de Prensa 018 \u2013 DCSRPM-GADMCM-2023 Montecristi, 28 de septiembre del 2023 Alcaldes se reunieron para tomar decisiones entorno a acuerdos definidos en la Presidencia&nbsp;&nbsp;de la Rep\u00fablica.Tras dialogar con el [&hellip;]<\/p>\n","protected":false},"author":2,"featured_media":4639,"parent":948,"menu_order":0,"comment_status":"closed","ping_status":"closed","template":"","meta":{"footnotes":""},"class_list":["post-4637","page","type-page","status-publish","has-post-thumbnail","hentry"],"_links":{"self":[{"href":"https:\/\/montecristi.gob.ec\/en\/wp-json\/wp\/v2\/pages\/4637","targetHints":{"allow":["GET"]}}],"collection":[{"href":"https:\/\/montecristi.gob.ec\/en\/wp-json\/wp\/v2\/pages"}],"about":[{"href":"https:\/\/montecristi.gob.ec\/en\/wp-json\/wp\/v2\/types\/page"}],"author":[{"embeddable":true,"href":"https:\/\/montecristi.gob.ec\/en\/wp-json\/wp\/v2\/users\/2"}],"replies":[{"embeddable":true,"href":"https:\/\/montecristi.gob.ec\/en\/wp-json\/wp\/v2\/comments?post=4637"}],"version-history":[{"count":2,"href":"https:\/\/montecristi.gob.ec\/en\/wp-json\/wp\/v2\/pages\/4637\/revisions"}],"predecessor-version":[{"id":4646,"href":"https:\/\/montecristi.gob.ec\/en\/wp-json\/wp\/v2\/pages\/4637\/revisions\/4646"}],"up":[{"embeddable":true,"href":"https:\/\/montecristi.gob.ec\/en\/wp-json\/wp\/v2\/pages\/948"}],"wp:featuredmedia":[{"embeddable":true,"href":"https:\/\/montecristi.gob.ec\/en\/wp-json\/wp\/v2\/media\/4639"}],"wp:attachment":[{"href":"https:\/\/montecristi.gob.ec\/en\/wp-json\/wp\/v2\/media?parent=4637"}],"curies":[{"name":"wp","href":"https:\/\/api.w.org\/{rel}","templated":true}]}}