{"id":538,"date":"2021-05-31T09:24:35","date_gmt":"2021-05-31T09:24:35","guid":{"rendered":"http:\/\/fastwpdemo.com\/newwp\/whitehall\/?page_id=538"},"modified":"2024-05-07T14:30:15","modified_gmt":"2024-05-07T19:30:15","slug":"servicios","status":"publish","type":"page","link":"https:\/\/montecristi.gob.ec\/en\/servicios\/","title":{"rendered":"Servicios"},"content":{"rendered":"<div data-elementor-type=\"wp-page\" data-elementor-id=\"538\" class=\"elementor elementor-538\">\n\t\t\t\t\t\t<section class=\"elementor-section elementor-top-section elementor-element elementor-element-3a3610b elementor-section-full_width elementor-section-height-default elementor-section-height-default\" data-id=\"3a3610b\" data-element_type=\"section\" data-e-type=\"section\">\n\t\t\t\t\t\t<div class=\"elementor-container elementor-column-gap-default\">\n\t\t\t\t\t<div class=\"elementor-column elementor-col-100 elementor-top-column elementor-element elementor-element-067cf25\" data-id=\"067cf25\" data-element_type=\"column\" data-e-type=\"column\">\n\t\t\t<div class=\"elementor-widget-wrap\">\n\t\t\t\t\t\t\t<\/div>\n\t\t<\/div>\n\t\t\t\t\t<\/div>\n\t\t<\/section>\n\t\t\t\t<section class=\"elementor-section elementor-top-section elementor-element elementor-element-653523a elementor-section-boxed elementor-section-height-default elementor-section-height-default\" data-id=\"653523a\" data-element_type=\"section\" data-e-type=\"section\">\n\t\t\t\t\t\t<div class=\"elementor-container elementor-column-gap-default\">\n\t\t\t\t\t<div class=\"elementor-column elementor-col-100 elementor-top-column elementor-element elementor-element-204f02b\" data-id=\"204f02b\" data-element_type=\"column\" data-e-type=\"column\">\n\t\t\t<div class=\"elementor-widget-wrap elementor-element-populated\">\n\t\t\t\t\t\t<div class=\"elementor-element elementor-element-62ab542 elementor-alert-info elementor-widget elementor-widget-alert\" data-id=\"62ab542\" data-element_type=\"widget\" data-e-type=\"widget\" data-widget_type=\"alert.default\">\n\t\t\t\t<div class=\"elementor-widget-container\">\n\t\t\t\t\t\t\t<div class=\"elementor-alert\" role=\"alert\">\n\n\t\t\t\t\t\t<span class=\"elementor-alert-title\">Atenci\u00f3n <\/span>\n\t\t\t\n\t\t\t\t\t\t<span class=\"elementor-alert-description\">Estamos trabajando en nuevos modulos, por ello algunos links est\u00e1n desconectados. <\/span>\n\t\t\t\n\t\t\t\t\t\t<button type=\"button\" class=\"elementor-alert-dismiss\" aria-label=\"Dismiss this alert.\" data-no-translation-aria-label=\"\">\n\t\t\t\t<i aria-hidden=\"true\" class=\"far fa-file-code\"><\/i>\t\t\t<\/button>\n\t\t\t\n\t\t<\/div>\n\t\t\t\t\t\t<\/div>\n\t\t\t\t<\/div>\n\t\t\t\t\t<\/div>\n\t\t<\/div>\n\t\t\t\t\t<\/div>\n\t\t<\/section>\n\t\t\t\t<section class=\"elementor-section elementor-top-section elementor-element elementor-element-80d3ef5 elementor-section-full_width elementor-section-height-default elementor-section-height-default\" data-id=\"80d3ef5\" data-element_type=\"section\" data-e-type=\"section\">\n\t\t\t\t\t\t<div class=\"elementor-container elementor-column-gap-default\">\n\t\t\t\t\t<div class=\"elementor-column elementor-col-100 elementor-top-column elementor-element elementor-element-544d94a\" data-id=\"544d94a\" data-element_type=\"column\" data-e-type=\"column\">\n\t\t\t<div class=\"elementor-widget-wrap elementor-element-populated\">\n\t\t\t\t\t\t<div class=\"elementor-element elementor-element-275cfab elementor-widget elementor-widget-whitehall_about_services\" data-id=\"275cfab\" data-element_type=\"widget\" data-e-type=\"widget\" data-widget_type=\"whitehall_about_services.default\">\n\t\t\t\t<div class=\"elementor-widget-container\">\n\t\t\t\t\t        \n        <!-- about-style-four -->\n        <section class=\"about-style-four sec-pad\">\n            <div class=\"auto-container\">\n                <div class=\"row clearfix\">\n                    <div class=\"col-lg-6 col-md-12 col-sm-12 content-column\">\n                        <div class=\"content_block_6\">\n                            <div class=\"content-box\">\n                                <div class=\"sec-title\">\n\t\t\t\t\t\t\t\t\t\t\t\t\t\t\t\t\t\t\n                                    \t\t\t\t\t\t\t\t\t<h2><br>\n<br>\nMONTI Montecristi\n\n<\/h2>\n                                    <div class=\"title-shape\"><\/div>\n\t\t\t\t\t\t\t\t\t                                <\/div>\n                                <div class=\"text\">\n                                    <p><p align=\"justify\">Montecristi Inteligente \"MONTI\" es nuestro proyecto de transformaci\u00f3n digital, \nmediante el cual podr\u00e1s obtener varios servicios municipales\na trav\u00e9s del uso de la tecnolog\u00eda.\n\nNuestra visi\u00f3n es que puedas obtener resultados \u00e1giles a solo unos clics de distancia. <\/p><\/p>\n                                <\/div>\n                                <div class=\"inner-box clearfix\">\n                                    <div class=\"left-column pull-left\">\n\t\t\t\t\t\t\t\t\t\t                                        <div class=\"single-item\">\n                                            <div class=\"icon-box\"><i class=\"flaticon-double-tick-indicator\"><\/i><\/div>\n                                            <h6>Servicios de GODI<\/h6>\n                                            <h4>Tr\u00e1mites en Linea<\/h4>\n                                        <\/div>\n                                                                                <div class=\"single-item\">\n                                            <div class=\"icon-box\"><i class=\"flaticon-double-tick-indicator\"><\/i><\/div>\n                                            <h6>Consultas<\/h6>\n                                            <h4>Consulta de Valores<\/h4>\n                                        <\/div>\n                                                                                <div class=\"single-item\">\n                                            <div class=\"icon-box\"><i class=\"flaticon-double-tick-indicator\"><\/i><\/div>\n                                            <h6>CONSULTAS<\/h6>\n                                            <h4>Consulta de Predios<\/h4>\n                                        <\/div>\n                                                                                <div class=\"single-item\">\n                                            <div class=\"icon-box\"><i class=\"flaticon-double-tick-indicator\"><\/i><\/div>\n                                            <h6>REGISTROS<\/h6>\n                                            <h4>Registros de Pagos<\/h4>\n                                        <\/div>\n                                                                            <\/div>\n                                    <div class=\"right-column pull-right\">\n\t\t\t\t\t\t\t\t\t\t                                        <div class=\"text\">\n                                            <p><\/p>\n                                        <\/div>\n                                                                                <div class=\"text\">\n                                            <p><\/p>\n                                        <\/div>\n                                                                                <div class=\"text\">\n                                            <p><\/p>\n                                        <\/div>\n                                                                                <div class=\"text\">\n                                            <p><\/p>\n                                        <\/div>\n                                                                            <\/div>\n                                <\/div>\n\t\t\t\t\t\t\t\t\n\t\t\t\t\t\t\t\t                                <div class=\"btn-box\">\n                                    <a href=\"http:\/\/portal.montecristi.gob.ec\/citizen-portal\/public\/login\">Portal Ciudadano<\/a>\n                                <\/div>\n\t\t\t\t\t\t\t\t                            <\/div>\n                        <\/div>\n                    <\/div>\n                    <div class=\"col-lg-6 col-md-12 col-sm-12 content-column\">\n                        <div class=\"content_block_7\">\n                            <div class=\"content-box\">\n                                <div class=\"left-column\">\n                                    <div class=\"inner centred\">\n                                        <div class=\"icon-box\"><i class=\"icon flaticon-booking\"><\/i><\/div>\n                                        <h6>Servicios en linea<\/h6>\n                                        <h4><\/h4>\n                                    <\/div>\n\t\t\t\t\t\t\t\t\t\n\t\t\t\t\t\t\t\t\t                                    <ul class=\"list clearfix\">\n                                        \t\t\t\t\t\t\t\t\t\t<li>Tramites en Linea<\/li>\n\t\t\t\t\t\t\t\t\t\t\t\t\t\t\t\t\t\t\t\t<li>Certificados<\/li>\n\t\t\t\t\t\t\t\t\t\t\t\t\t\t\t\t\t\t\t\t<li>Consulta de Valores<\/li>\n\t\t\t\t\t\t\t\t\t\t\t\t\t\t\t\t\t\t\t\t<li>Registro de Pagos<\/li>\n\t\t\t\t\t\t\t\t\t\t\t\t\t\t\t\t\t\t\t\t<li><\/li>\n\t\t\t\t\t\t\t\t\t\t\t\t\t\t\t\t\t\t\t\t<li>Registro de pagos <\/li>\n\t\t\t\t\t\t\t\t\t\t\t\t\t\t\t\t\t\t\t\t<li>Descarga de comprobantes<\/li>\n\t\t\t\t\t\t\t\t\t\t                                    <\/ul>\n\t\t\t\t\t\t\t\t\t                                <\/div>\n                                <div class=\"right-column\">\n                                    <figure class=\"image-box\">\n                                        <img decoding=\"async\" src=\"https:\/\/montecristi.gob.ec\/wp-content\/uploads\/2023\/07\/monte.png\" alt=\"Awesome Image\">\n\t\t\t\t\t\t\t\t\t\t\n\t\t\t\t\t\t\t\t\t\t                                        <a href=\"http:\/\/portal.montecristi.gob.ec\/citizen-portal\/public\/login\"><i class=\"fal fa-angle-left\"><\/i><\/a>\n\t\t\t\t\t\t\t\t\t\t                                    <\/figure>\n                                    <div class=\"inner centred\">\n                                        <div class=\"icon-box\"><i class=\"icon flaticon-click\"><\/i><\/div>\n                                        <h6><\/h6>\n                                        <h4><\/h4>\n                                    <\/div>\n                                <\/div>\n                            <\/div>\n                        <\/div>\n                    <\/div>\n                <\/div>\n            <\/div>\n        <\/section>\n        <!-- about-style-four end -->\n\n        \t\t\t\t<\/div>\n\t\t\t\t<\/div>\n\t\t\t\t\t<\/div>\n\t\t<\/div>\n\t\t\t\t\t<\/div>\n\t\t<\/section>\n\t\t\t\t<section class=\"elementor-section elementor-top-section elementor-element elementor-element-800c8b3 elementor-section-full_width elementor-section-height-default elementor-section-height-default\" data-id=\"800c8b3\" data-element_type=\"section\" data-e-type=\"section\">\n\t\t\t\t\t\t<div class=\"elementor-container elementor-column-gap-default\">\n\t\t\t\t\t<div class=\"elementor-column elementor-col-100 elementor-top-column elementor-element elementor-element-54c32a1\" data-id=\"54c32a1\" data-element_type=\"column\" data-e-type=\"column\">\n\t\t\t<div class=\"elementor-widget-wrap elementor-element-populated\">\n\t\t\t\t\t\t<div class=\"elementor-element elementor-element-a208256 elementor-widget elementor-widget-image\" data-id=\"a208256\" data-element_type=\"widget\" data-e-type=\"widget\" data-widget_type=\"image.default\">\n\t\t\t\t<div class=\"elementor-widget-container\">\n\t\t\t\t\t\t\t\t\t\t\t\t\t\t\t\t<a href=\"http:\/\/portal.montecristi.gob.ec\/citizen-portal\/public\/login\" target=\"_blank\" rel=\"nofollow\">\n\t\t\t\t\t\t\t<img decoding=\"async\" width=\"10449\" height=\"2308\" src=\"https:\/\/montecristi.gob.ec\/wp-content\/uploads\/2023\/07\/monti3.png\" class=\"attachment-full size-full wp-image-3431\" alt=\"\" srcset=\"https:\/\/montecristi.gob.ec\/wp-content\/uploads\/2023\/07\/monti3.png 10449w, https:\/\/montecristi.gob.ec\/wp-content\/uploads\/2023\/07\/monti3-300x66.png 300w, https:\/\/montecristi.gob.ec\/wp-content\/uploads\/2023\/07\/monti3-1024x226.png 1024w, https:\/\/montecristi.gob.ec\/wp-content\/uploads\/2023\/07\/monti3-768x170.png 768w, https:\/\/montecristi.gob.ec\/wp-content\/uploads\/2023\/07\/monti3-1536x339.png 1536w, https:\/\/montecristi.gob.ec\/wp-content\/uploads\/2023\/07\/monti3-2048x452.png 2048w, https:\/\/montecristi.gob.ec\/wp-content\/uploads\/2023\/07\/monti3-18x4.png 18w\" sizes=\"(max-width: 10449px) 100vw, 10449px\" \/>\t\t\t\t\t\t\t\t<\/a>\n\t\t\t\t\t\t\t\t\t\t\t\t\t\t\t<\/div>\n\t\t\t\t<\/div>\n\t\t\t\t<div class=\"elementor-element elementor-element-7305c7e elementor-widget elementor-widget-whitehall_faqs\" data-id=\"7305c7e\" data-element_type=\"widget\" data-e-type=\"widget\" data-widget_type=\"whitehall_faqs.default\">\n\t\t\t\t<div class=\"elementor-widget-container\">\n\t\t\t\t\t\n\t\t<!-- faq-section -->\n        <section class=\"faq-section sec-pad\">\n            <div class=\"auto-container\">\n                <div class=\"row clearfix\">\n                    <div class=\"col-lg-4 col-md-12 col-sm-12 content-column\">\n                        <div class=\"content_block_8\">\n                            <div class=\"content-box\">\n                                <div class=\"sec-title\">\n\t\t\t\t\t\t\t\t\t\n\t\t\t\t\t\t\t\t\t\t\t\t\t\t\t\t\t\t<h2>Preguntas Frecuentes<\/h2>\n\t\t\t\t\t\t\t\t\t<div class=\"title-shape\"><\/div>\n\t\t\t\t\t\t\t\t\t                                <\/div>\n                                <div class=\"text\">\n                                    <p>Si ya ingresaste antes a nuestro portal inicia sesi\u00f3n<\/p>\n\t\t\t\t\t\t\t\t\t\n\t\t\t\t\t\t\t\t\t\t\t\t\t\t\t\t\t\t<a href=\"http:\/\/portal.montecristi.gob.ec\/citizen-portal\/public\/login\">Clic Aqui<i class=\"flaticon-right-arrow\"><\/i><\/a>\n\t\t\t\t\t\t\t\t\t                                <\/div>\n                            <\/div>\n                        <\/div>\n                    <\/div>\n                    <div class=\"col-lg-8 col-md-12 col-sm-12 faq-column\">\n                        <ul class=\"accordion-box\">\n                                                        <li class=\"accordion block\">\n                                <div class=\"acc-btn\">\n                                    <div class=\"icon-outer\"><\/div>\n                                    <h5><span>01. <\/span>\u00bfQue es el Portal Montecristi?<\/h5>\n                                <\/div>\n                                <div class=\"acc-content\">\n                                    <div class=\"text\">\n                                        <p>\u00a1Servicios en linea YA a tu Disposici\u00f3n ! Monsi tu asistente virtual Seguimos con la mejora continua; Ahora podr\u00e1s consultar tus valores adeudados, Generar turnos en linea, Gu\u00eda de Tramites, ...<\/p>\n                                    <\/div>\n                                <\/div>\n                            <\/li>\n\t\t\t\t\t\t\t                            <li class=\"accordion block\">\n                                <div class=\"acc-btn\">\n                                    <div class=\"icon-outer\"><\/div>\n                                    <h5><span>02. <\/span>\u00bfAcceder al portal ciudadano tiene alg\u00fan valor?<\/h5>\n                                <\/div>\n                                <div class=\"acc-content\">\n                                    <div class=\"text\">\n                                        <p>No, el portal ciudadano es una herramienta abierta al p\u00fablico, basta con iniciar sesi\u00f3n y\/o crear tu cuenta y listo! Todos los tr\u00e1mites y certificados a tu disposici\u00f3n.<\/p>\n                                    <\/div>\n                                <\/div>\n                            <\/li>\n\t\t\t\t\t\t\t                            <li class=\"accordion block\">\n                                <div class=\"acc-btn\">\n                                    <div class=\"icon-outer\"><\/div>\n                                    <h5><span>03. <\/span>\u00bfQue tramites puedo hacer en el portal Ciudadano?<\/h5>\n                                <\/div>\n                                <div class=\"acc-content\">\n                                    <div class=\"text\">\n                                        <p>Los tramites disponibles en GODI SON: tramites de compra venta, tramites por exoneraci\u00f3n, etc etc<\/p>\n                                    <\/div>\n                                <\/div>\n                            <\/li>\n\t\t\t\t\t\t\t                            <li class=\"accordion block\">\n                                <div class=\"acc-btn\">\n                                    <div class=\"icon-outer\"><\/div>\n                                    <h5><span>04. <\/span>\u00bfComo ingreso al Portal Ciudadano Montecristi?<\/h5>\n                                <\/div>\n                                <div class=\"acc-content\">\n                                    <div class=\"text\">\n                                        <p>Para ingresar al portal Ciudadano puedes hacerlo desde el menu de la parte superior, o dar clic aqui<\/p>\n                                    <\/div>\n                                <\/div>\n                            <\/li>\n\t\t\t\t\t\t\t                        <\/ul>\n                    <\/div>\n                <\/div>\n            <\/div>\n        <\/section>\n        <!-- faq-section end -->\n\n        \t\t\t\t<\/div>\n\t\t\t\t<\/div>\n\t\t\t\t\t<\/div>\n\t\t<\/div>\n\t\t\t\t\t<\/div>\n\t\t<\/section>\n\t\t\t\t<section class=\"elementor-section elementor-top-section elementor-element elementor-element-745c5f8 elementor-section-boxed elementor-section-height-default elementor-section-height-default\" data-id=\"745c5f8\" data-element_type=\"section\" data-e-type=\"section\">\n\t\t\t\t\t\t<div class=\"elementor-container elementor-column-gap-default\">\n\t\t\t\t\t<div class=\"elementor-column elementor-col-100 elementor-top-column elementor-element elementor-element-6f107d2\" data-id=\"6f107d2\" data-element_type=\"column\" data-e-type=\"column\">\n\t\t\t<div class=\"elementor-widget-wrap\">\n\t\t\t\t\t\t\t<\/div>\n\t\t<\/div>\n\t\t\t\t\t<\/div>\n\t\t<\/section>\n\t\t\t\t<\/div>","protected":false},"excerpt":{"rendered":"<p>Atenci\u00f3n Estamos trabajando en nuevos modulos, por ello algunos links est\u00e1n desconectados. Descartar esta alerta. MONTI Montecristi Montecristi Inteligente \u00abMONTI\u00bb es nuestro proyecto de transformaci\u00f3n digital, mediante el cual podr\u00e1s [&hellip;]<\/p>\n","protected":false},"author":1,"featured_media":0,"parent":0,"menu_order":0,"comment_status":"closed","ping_status":"closed","template":"tpl-default-elementor.php","meta":{"footnotes":""},"class_list":["post-538","page","type-page","status-publish","hentry"],"_links":{"self":[{"href":"https:\/\/montecristi.gob.ec\/en\/wp-json\/wp\/v2\/pages\/538","targetHints":{"allow":["GET"]}}],"collection":[{"href":"https:\/\/montecristi.gob.ec\/en\/wp-json\/wp\/v2\/pages"}],"about":[{"href":"https:\/\/montecristi.gob.ec\/en\/wp-json\/wp\/v2\/types\/page"}],"author":[{"embeddable":true,"href":"https:\/\/montecristi.gob.ec\/en\/wp-json\/wp\/v2\/users\/1"}],"replies":[{"embeddable":true,"href":"https:\/\/montecristi.gob.ec\/en\/wp-json\/wp\/v2\/comments?post=538"}],"version-history":[{"count":96,"href":"https:\/\/montecristi.gob.ec\/en\/wp-json\/wp\/v2\/pages\/538\/revisions"}],"predecessor-version":[{"id":6075,"href":"https:\/\/montecristi.gob.ec\/en\/wp-json\/wp\/v2\/pages\/538\/revisions\/6075"}],"wp:attachment":[{"href":"https:\/\/montecristi.gob.ec\/en\/wp-json\/wp\/v2\/media?parent=538"}],"curies":[{"name":"wp","href":"https:\/\/api.w.org\/{rel}","templated":true}]}}