{"id":785,"date":"2023-12-01T17:38:54","date_gmt":"2023-12-01T22:38:54","guid":{"rendered":"http:\/\/fastwpdemo.com\/newwp\/whitehall\/?page_id=785"},"modified":"2024-01-24T16:03:38","modified_gmt":"2024-01-24T21:03:38","slug":"acceso-informacion-publica","status":"publish","type":"page","link":"https:\/\/montecristi.gob.ec\/en\/acceso-informacion-publica\/","title":{"rendered":"Acceso Informaci\u00f3n Publica"},"content":{"rendered":"<div data-elementor-type=\"wp-page\" data-elementor-id=\"785\" class=\"elementor elementor-785\">\n\t\t\t\t\t\t<section class=\"elementor-section elementor-top-section elementor-element elementor-element-0cc7ee8 elementor-section-full_width elementor-section-height-default elementor-section-height-default\" data-id=\"0cc7ee8\" data-element_type=\"section\" data-e-type=\"section\">\n\t\t\t\t\t\t<div class=\"elementor-container elementor-column-gap-default\">\n\t\t\t\t\t<div class=\"elementor-column elementor-col-100 elementor-top-column elementor-element elementor-element-46244cf\" data-id=\"46244cf\" data-element_type=\"column\" data-e-type=\"column\">\n\t\t\t<div class=\"elementor-widget-wrap elementor-element-populated\">\n\t\t\t\t\t\t<div class=\"elementor-element elementor-element-836e649 elementor-widget elementor-widget-whitehall_department_details\" data-id=\"836e649\" data-element_type=\"widget\" data-e-type=\"widget\" data-widget_type=\"whitehall_department_details.default\">\n\t\t\t\t<div class=\"elementor-widget-container\">\n\t\t\t\t\t        \n        <!-- department-details -->\n        <section class=\"department-details bg-color-1 sec-pad-2\">\n            <div class=\"auto-container\">\n                <div class=\"row clearfix\">\n                    <div class=\"col-lg-8 col-md-12 col-sm-12 content-side\">\n                        <div class=\"department-details-content\">\n\t\t\t\t\t\t\t                            <div class=\"upper-image\">\n                                <figure class=\"image\"><img decoding=\"async\" src=\"https:\/\/montecristi.gob.ec\/wp-content\/uploads\/2024\/01\/OQK0IQ1-scaled.jpg\" alt=\"Awesome Image\"><\/figure>\n                            <\/div>\n\t\t\t\t\t\t\t\t\t\t\t\t\t\t\n                            <div class=\"text\">\n                                <h3>ACCESO A LA INFORMACI\u00d3N P\u00daBLICA<\/h3>\n                                <p><div style=\"text-align: justify;font-family: 'Poppins', sans-serif;font-size: 14px;letter-spacing: 0.2px;color: #505050\">\n  <strong>\n    La informaci\u00f3n p\u00fablica pertenece a los ciudadanos y ciudadanas; por tanto tienen derecho a solicitar informaci\u00f3n de la Defensor\u00eda del Pueblo cuando lo requieran, siempre y cuando no se trate de informaci\u00f3n confidencial.\n  <\/strong>\n<\/div>\n<\/p>\n                            <\/div>\n\t\t\t\t\t\t\t\n\t\t\t\t\t\t\t                            <div class=\"discription-box centred\">\n                                <div class=\"two-column-carousel owl-carousel owl-theme owl-nav-none\">\n                                    \t\t\t\t\t\t\t\t\t<div class=\"single-item\">\n                                        <div class=\"inner-box\">\n                                            <figure class=\"image-box\"><img decoding=\"async\" src=\"https:\/\/montecristi.gob.ec\/wp-content\/uploads\/2023\/06\/logo-personas-1.png\" alt=\"Awesome Image\"><\/figure>\n                                            <h5>\u00bfA qui\u00e9n est\u00e1 dirigido?<\/h5>\n                                        <\/div>\n                                        <div class=\"overlay-content\">\n                                            <figure class=\"image-box\"><img decoding=\"async\" src=\"https:\/\/montecristi.gob.ec\/wp-content\/uploads\/2023\/06\/logo-personas-1.png\" alt=\"Awesome Image\"><\/figure>\n                                            <p>El p\u00fablico en general, personas ecuatorianas o extranjeras, que requiera informaci\u00f3n de la Defensor\u00eda del Pueblo la puede solicitar, en cualquier momento, siempre y cuando no se trate de informaci\u00f3n confidencial.<\/p>\n                                        <\/div>\n                                    <\/div>\n                                    \t\t\t\t\t\t\t\t\t<div class=\"single-item\">\n                                        <div class=\"inner-box\">\n                                            <figure class=\"image-box\"><img decoding=\"async\" src=\"https:\/\/montecristi.gob.ec\/wp-content\/uploads\/2023\/06\/logo-personas-1.png\" alt=\"Awesome Image\"><\/figure>\n                                            <h5>Costo del tramite<\/h5>\n                                        <\/div>\n                                        <div class=\"overlay-content\">\n                                            <figure class=\"image-box\"><img decoding=\"async\" src=\"https:\/\/montecristi.gob.ec\/wp-content\/uploads\/2023\/06\/logo-personas-1.png\" alt=\"Awesome Image\"><\/figure>\n                                            <p>\u00bfCu\u00e1l es el costo del tr\u00e1mite? El tr\u00e1mite en cuesti\u00f3n no implica ning\u00fan costo; su realizaci\u00f3n es totalmente gratuita.<\/p>\n                                        <\/div>\n                                    <\/div>\n                                                                    <\/div>\n                            <\/div>\n\t\t\t\t\t\t\t\t\t\t\t\t\t\t\n\t\t\t\t\t\t\t                            <div class=\"highlights-box\">\n                                <div class=\"single-item-carousel owl-carousel owl-theme owl-dots-none\">\n                                                                        <div class=\"row clearfix\">\n                                        <div class=\"col-lg-6 col-md-6 col-sm-12 image-column\">\n                                            <div class=\"image-box\">\n                                                <figure class=\"image\"><img decoding=\"async\" src=\"https:\/\/montecristi.gob.ec\/wp-content\/uploads\/2023\/06\/logo-personas-1.png\" alt=\"Awesome Image\"><\/figure>\n                                                <div class=\"icon-box\"><i class=\"icon flaticon-employee\"><\/i><\/div>\n                                            <\/div>\n                                        <\/div>\n                                        <div class=\"col-lg-6 col-md-6 col-sm-12 text-column\">\n                                            <div class=\"text\">\n                                                <h3>\u00bfA qui\u00e9n est\u00e1 dirigido?<\/h3>\n                                                <p><div style=\"text-align: justify;font-family: 'Poppins', sans-serif;font-size: 14px;letter-spacing: 0.2px;color: #505050\">\n  El p\u00fablico en general, personas ecuatorianas o extranjeras, que requiera informaci\u00f3n de la Defensor\u00eda del Pueblo la puede solicitar, en cualquier momento, siempre y cuando no se trate de informaci\u00f3n confidencial.\n<\/div>\n\n<\/p>\n\t\t\t\t\t\t\t\t\t\t\t\t\n\t\t\t\t\t\t\t\t\t\t\t\t                                                <ul class=\"list clearfix\">\n\t\t\t\t\t\t\t\t\t\t\t\t\t                                                    <li><i class=\"flaticon-bird\"><\/i>Dirigido a: Persona Jur\u00eddica - Privada, Persona Jur\u00eddica - P\u00fablica, Persona Natural - Ecuatoriana, Persona Natural - Extranjera.<\/li>\n\t\t\t\t\t\t\t\t\t\t\t\t\t                                                <\/ul>\n\t\t\t\t\t\t\t\t\t\t\t\t\t\t\t\t\t\t\t\t\t\t\t\t\n\t\t\t\t\t\t\t\t\t\t\t\t                                            <\/div>\n                                        <\/div>\n                                    <\/div>\n                                                                        <div class=\"row clearfix\">\n                                        <div class=\"col-lg-6 col-md-6 col-sm-12 image-column\">\n                                            <div class=\"image-box\">\n                                                <figure class=\"image\"><img decoding=\"async\" src=\"https:\/\/montecristi.gob.ec\/wp-content\/uploads\/2023\/06\/logo-personas-1.png\" alt=\"Awesome Image\"><\/figure>\n                                                <div class=\"icon-box\"><i class=\"icon flaticon-job\"><\/i><\/div>\n                                            <\/div>\n                                        <\/div>\n                                        <div class=\"col-lg-6 col-md-6 col-sm-12 text-column\">\n                                            <div class=\"text\">\n                                                <h3>\u00bfQu\u00e9 necesito para hacer el tr\u00e1mite?<\/h3>\n                                                <p><div style=\"text-align: justify;font-family: 'Poppins', sans-serif;font-size: 14px;letter-spacing: 0.2px;color: #505050\">\n  <strong>Requisitos Obligatorios:<\/strong>\n  <br>\n  Solicitud de informaci\u00f3n de acceso a la informaci\u00f3n p\u00fablica, indicando de manera clara y concreta la informaci\u00f3n que desee obtener. (Se incluir\u00e1 en la solicitud, el correo electr\u00f3nico y direcci\u00f3n domiciliaria donde se recibir\u00e1 la respuesta).\n<\/div>\n<\/p>\n\t\t\t\t\t\t\t\t\t\t\t\t\n\t\t\t\t\t\t\t\t\t\t\t\t\t\t\t\t\t\t\t\t\t\t\t\t\n\t\t\t\t\t\t\t\t\t\t\t\t                                            <\/div>\n                                        <\/div>\n                                    <\/div>\n                                                                        <div class=\"row clearfix\">\n                                        <div class=\"col-lg-6 col-md-6 col-sm-12 image-column\">\n                                            <div class=\"image-box\">\n                                                <figure class=\"image\"><img decoding=\"async\" src=\"https:\/\/montecristi.gob.ec\/wp-content\/uploads\/2023\/06\/logo-personas-1.png\" alt=\"Awesome Image\"><\/figure>\n                                                <div class=\"icon-box\"><i class=\"icon flaticon-guide\"><\/i><\/div>\n                                            <\/div>\n                                        <\/div>\n                                        <div class=\"col-lg-6 col-md-6 col-sm-12 text-column\">\n                                            <div class=\"text\">\n                                                <h3> \u00bfC\u00f3mo hago el tr\u00e1mite?<\/h3>\n                                                <p>Para acceder al tramite:<\/p>\n\t\t\t\t\t\t\t\t\t\t\t\t\n\t\t\t\t\t\t\t\t\t\t\t\t                                                <ul class=\"list clearfix\">\n\t\t\t\t\t\t\t\t\t\t\t\t\t                                                    <li><i class=\"flaticon-bird\"><\/i>Descargar la solicitud publicada en la secci\u00f3n inferior<\/li>\n\t\t\t\t\t\t\t\t\t\t\t\t\t                                                    <li><i class=\"flaticon-bird\"><\/i>Llenar La informaci\u00f3n correspondientes<\/li>\n\t\t\t\t\t\t\t\t\t\t\t\t\t                                                    <li><i class=\"flaticon-bird\"><\/i>Enviar la solicitud en cualquiera de las siguientes formas:  Mediante correo electr\u00f3nico a secretaria.general@montecristi.gob.ec<\/li>\n\t\t\t\t\t\t\t\t\t\t\t\t\t                                                <\/ul>\n\t\t\t\t\t\t\t\t\t\t\t\t\t\t\t\t\t\t\t\t\t\t\t\t\n\t\t\t\t\t\t\t\t\t\t\t\t                                            <\/div>\n                                        <\/div>\n                                    <\/div>\n                                                                    <\/div>\n                            <\/div>\n\t\t\t\t\t\t\t\t\t\t\t\t\t\t\n\t\t\t\t\t\t\t                            <div class=\"download-box\">\n                                <h3>Formatos y anexos<\/h3>\n                                <ul class=\"download-list clearfix\">\n                                    \t\t\t\t\t\t\t\t\t<li>\n                                        <div class=\"icon-box\"><img decoding=\"async\" src=\"https:\/\/montecristi.gob.ec\/wp-content\/uploads\/2021\/05\/icon-1.png\" alt=\"Icon\"><\/div>\n                                        <h5>Formato de solicitud Acceso a la Informaci\u00f3n p\u00fablica<\/h5>\n                                        <span>.pdf<\/span>\n\t\t\t\t\t\t\t\t\t\t\n\t\t\t\t\t\t\t\t\t\t                                        <a href=\"https:\/\/montecristi.gob.ec\/wp-content\/uploads\/2024\/01\/SolicitudAccesoAlaInformacionPublica.pdf%20download=SolicitudAccesoAlaInformacionPublica.pdf\"><a href=\"https:\/\/montecristi.gob.ec\/wp-content\/uploads\/2024\/01\/SolicitudAccesoAlaInformacionPublica.pdf\">Descargar PDF<\/a><\/a>\n\t\t\t\t\t\t\t\t\t\t                                    <\/li>\n                                                                    <\/ul>\n                            <\/div>\n\t\t\t\t\t\t\t                        <\/div>\n                    <\/div>\n\t\t\t\t\t\n                    <div class=\"col-lg-4 col-md-12 col-sm-12 sidebar-side\">\n                        <div class=\"department-sidebar\">\n                            <div id=\"whitehall_join_us-1\" class=\"department-widget widget widget_whitehall_join_us\">\t\t\n\t\t<div class=\"sidebar-banner centred\" style=\"background-image: url();\">\n\t\t\t<div class=\"inner-box\">\n\t\t\t\t<div class=\"icon-box\"><i class=\"flaticon-global-warming\"><\/i><\/div>\n\t\t\t\t<h3>Formulario <br \/>Cont\u00e1ctanos!<\/h3>\n\t\t\t\t\n\t\t\t\t\t\t\t\t<a href=\"https:\/\/montecristi.gob.ec\/en\/contact\/\">Formulario de contacto<\/a>\n\t\t\t\t\t\t\t<\/div>\n\t\t<\/div>\n\n        <\/div><div id=\"whitehall_get_in_touch-1\" class=\"department-widget widget widget_whitehall_get_in_touch\">        \n\t\t<div class=\"sidebar-contact\">\n\t\t\t<div class=\"widget-title\">\n\t\t\t\t<h3>Contacto Para atenci\u00f3n ciudadana<\/h3>\n\t\t\t\t<p>Puedes contactarnos por:<\/p>\n\t\t\t\t<div class=\"title-shape\"><\/div>\n\t\t\t<\/div>\n\t\t\t\n\t\t\t<ul class=\"info-list clearfix\">\n\t\t\t\t\t\t\t\t<li>\n\t\t\t\t\t<div class=\"icon-box\"><i class=\"flaticon-government\"><\/i><\/div>\n\t\t\t\t\t<h5>Contacto Ciudadano<\/h5>\n\t\t\t\t\t<p><a href=\"tel:0978850983\">097 885 0983<\/a><\/p>\n\t\t\t\t<\/li>\n\t\t\t\t\t\t\t\t\n\t\t\t\t\t\t\t\t<li>\n\t\t\t\t\t<div class=\"icon-box\"><i class=\"flaticon-alert\"><\/i><\/div>\n\t\t\t\t\t<h5>Correo de contacto<\/h5>\n\t\t\t\t\t<p><a href=\"tel:\"> <a href=\"mailto:secretaria.general@montecristi.gob.ec\">Clic Aqu\u00ed<\/a><\/a><\/p>\n\t\t\t\t<\/li>\n\t\t\t\t\t\t\t\t\n\t\t\t\t\t\t\t\t<li>\n\t\t\t\t\t<div class=\"icon-box\"><i class=\"flaticon-map\"><\/i><\/div>\n\t\t\t\t\t<h5>Portal ciudadano<\/h5>\n\t\t\t\t\t<p><a href=\"tel:2\"><a href=\"https:\/\/portalciudadano.montecristi.gob.ec\/v2\/web\/\" target=\"_self\">Enlace al portal ciudadano<\/a><\/a><\/p>\n\t\t\t\t<\/li>\n\t\t\t\t\t\t\t<\/ul>\n\t\t<\/div>\n\n        <\/div>                        <\/div>\n                    <\/div>\n                <\/div>\n            <\/div>\n        <\/section>\n        <!-- department-details end -->\n\n        \t\t\t\t<\/div>\n\t\t\t\t<\/div>\n\t\t\t\t\t<\/div>\n\t\t<\/div>\n\t\t\t\t\t<\/div>\n\t\t<\/section>\n\t\t\t\t<section class=\"elementor-section elementor-top-section elementor-element elementor-element-e945893 elementor-section-boxed elementor-section-height-default elementor-section-height-default\" data-id=\"e945893\" data-element_type=\"section\" data-e-type=\"section\">\n\t\t\t\t\t\t<div class=\"elementor-container elementor-column-gap-default\">\n\t\t\t\t\t<div class=\"elementor-column elementor-col-100 elementor-top-column elementor-element elementor-element-f18cdbc\" data-id=\"f18cdbc\" data-element_type=\"column\" data-e-type=\"column\">\n\t\t\t<div class=\"elementor-widget-wrap\">\n\t\t\t\t\t\t\t<\/div>\n\t\t<\/div>\n\t\t\t\t\t<\/div>\n\t\t<\/section>\n\t\t\t\t<\/div>","protected":false},"excerpt":{"rendered":"<p>ACCESO A LA INFORMACI\u00d3N P\u00daBLICA La informaci\u00f3n p\u00fablica pertenece a los ciudadanos y ciudadanas; por tanto tienen derecho a solicitar informaci\u00f3n de la Defensor\u00eda del Pueblo cuando lo requieran, siempre [&hellip;]<\/p>\n","protected":false},"author":1,"featured_media":0,"parent":0,"menu_order":0,"comment_status":"closed","ping_status":"closed","template":"tpl-default-elementor.php","meta":{"footnotes":""},"class_list":["post-785","page","type-page","status-publish","hentry"],"_links":{"self":[{"href":"https:\/\/montecristi.gob.ec\/en\/wp-json\/wp\/v2\/pages\/785","targetHints":{"allow":["GET"]}}],"collection":[{"href":"https:\/\/montecristi.gob.ec\/en\/wp-json\/wp\/v2\/pages"}],"about":[{"href":"https:\/\/montecristi.gob.ec\/en\/wp-json\/wp\/v2\/types\/page"}],"author":[{"embeddable":true,"href":"https:\/\/montecristi.gob.ec\/en\/wp-json\/wp\/v2\/users\/1"}],"replies":[{"embeddable":true,"href":"https:\/\/montecristi.gob.ec\/en\/wp-json\/wp\/v2\/comments?post=785"}],"version-history":[{"count":35,"href":"https:\/\/montecristi.gob.ec\/en\/wp-json\/wp\/v2\/pages\/785\/revisions"}],"predecessor-version":[{"id":5155,"href":"https:\/\/montecristi.gob.ec\/en\/wp-json\/wp\/v2\/pages\/785\/revisions\/5155"}],"wp:attachment":[{"href":"https:\/\/montecristi.gob.ec\/en\/wp-json\/wp\/v2\/media?parent=785"}],"curies":[{"name":"wp","href":"https:\/\/api.w.org\/{rel}","templated":true}]}}