{"id":872,"date":"2021-06-01T19:45:14","date_gmt":"2021-06-02T00:45:14","guid":{"rendered":"http:\/\/fastwpdemo.com\/newwp\/whitehall\/?page_id=872"},"modified":"2023-07-09T00:27:03","modified_gmt":"2023-07-09T05:27:03","slug":"eventos","status":"publish","type":"page","link":"https:\/\/montecristi.gob.ec\/en\/eventos\/","title":{"rendered":"Eventos y Actividades"},"content":{"rendered":"<div data-elementor-type=\"wp-page\" data-elementor-id=\"872\" class=\"elementor elementor-872\">\n\t\t\t\t\t\t<section class=\"elementor-section elementor-top-section elementor-element elementor-element-14a2d90 elementor-section-full_width elementor-section-height-default elementor-section-height-default\" data-id=\"14a2d90\" data-element_type=\"section\" data-e-type=\"section\">\n\t\t\t\t\t\t<div class=\"elementor-container elementor-column-gap-default\">\n\t\t\t\t\t<div class=\"elementor-column elementor-col-100 elementor-top-column elementor-element elementor-element-2fc8a65\" data-id=\"2fc8a65\" data-element_type=\"column\" data-e-type=\"column\">\n\t\t\t<div class=\"elementor-widget-wrap elementor-element-populated\">\n\t\t\t\t\t\t<div class=\"elementor-element elementor-element-7757437 elementor-widget elementor-widget-whitehall_events_grid\" data-id=\"7757437\" data-element_type=\"widget\" data-e-type=\"widget\" data-widget_type=\"whitehall_events_grid.default\">\n\t\t\t\t<div class=\"elementor-widget-container\">\n\t\t\t\t\t        \n\t\t<!-- events-grid -->\n        <section class=\"events-grid sec-pad-2\">\n            <div class=\"auto-container\">\n                <div class=\"row clearfix\">\n                                        <div class=\"col-lg-4 col-md-6 col-sm-12 schedule-block\">\n                        <div class=\"schedule-block-one\">\n                            <div class=\"inner-box\">\n                                <div class=\"image-box\">\n                                    <figure class=\"image\"><img decoding=\"async\" src=\"https:\/\/montecristi.gob.ec\/wp-content\/uploads\/2021\/06\/351345952_668199108472757_7947581610232072707_n.jpg\" alt=\"Awesome Image\"><\/figure>\n                                    <div class=\"content-box\">\n                                        <div class=\"post-date\"><h3>01<span>Jun\u201921<\/span><\/h3><\/div>\n                                        <div class=\"text\">\n                                            <span class=\"category\"><i class=\"flaticon-star\"><\/i><\/span>\n                                            <h4><a href=\"https:\/\/montecristi.gob.ec\/en\/event\/manabitismo-con-nosotros\/\">\u00a1\u00danete a la agenda cultural del Manabitismo y celebra con nosotros!<\/a><\/h4>\n                                        <\/div>\n                                    <\/div>\n                                <\/div>\n                                <div class=\"lower-content\">\n                                    <ul class=\"post-info clearfix\">\n                                        <li><i class=\"flaticon-clock-circular-outline\"><\/i>June 5, 2023 - June 5, 2023<\/li>\n                                        <li><i class=\"flaticon-gps\"><\/i>Plazoleta Eloy Alfaro<\/li>\n                                    <\/ul>\n                                    <div class=\"links\"><a href=\"https:\/\/montecristi.gob.ec\/en\/event\/manabitismo-con-nosotros\/\">Read More<i class=\"flaticon-right-arrow\"><\/i><\/a><\/div>\n                                <\/div>\n                            <\/div>\n                        <\/div>\n                    <\/div>\n\t\t\t\t\t                    <div class=\"col-lg-4 col-md-6 col-sm-12 schedule-block\">\n                        <div class=\"schedule-block-one\">\n                            <div class=\"inner-box\">\n                                <div class=\"image-box\">\n                                    <figure class=\"image\"><img decoding=\"async\" src=\"https:\/\/montecristi.gob.ec\/wp-content\/uploads\/2021\/06\/352171341_679130560715738_8130913579338631450_n.jpg\" alt=\"Awesome Image\"><\/figure>\n                                    <div class=\"content-box\">\n                                        <div class=\"post-date\"><h3>01<span>Jun\u201921<\/span><\/h3><\/div>\n                                        <div class=\"text\">\n                                            <span class=\"category\"><i class=\"flaticon-star\"><\/i><\/span>\n                                            <h4><a href=\"https:\/\/montecristi.gob.ec\/en\/event\/public-affairs-public-safety-committee-meeting-2\/\">\u00a1Atenci\u00f3n, Montecristi! \ud83d\udc9a\ud83e\udd0d\u2764\ufe0f<\/a><\/h4>\n                                        <\/div>\n                                    <\/div>\n                                <\/div>\n                                <div class=\"lower-content\">\n                                    <ul class=\"post-info clearfix\">\n                                        <li><i class=\"flaticon-clock-circular-outline\"><\/i>June 7, 2023 - June 6, 2023<\/li>\n                                        <li><i class=\"flaticon-gps\"><\/i>Plazoleta Eloy Alfaro<\/li>\n                                    <\/ul>\n                                    <div class=\"links\"><a href=\"https:\/\/montecristi.gob.ec\/en\/event\/public-affairs-public-safety-committee-meeting-2\/\">Read More<i class=\"flaticon-right-arrow\"><\/i><\/a><\/div>\n                                <\/div>\n                            <\/div>\n                        <\/div>\n                    <\/div>\n\t\t\t\t\t                    <div class=\"col-lg-4 col-md-6 col-sm-12 schedule-block\">\n                        <div class=\"schedule-block-one\">\n                            <div class=\"inner-box\">\n                                <div class=\"image-box\">\n                                    <figure class=\"image\"><img decoding=\"async\" src=\"https:\/\/montecristi.gob.ec\/wp-content\/uploads\/2021\/06\/352088417_1127827021941750_8760619181305107059_n.jpg\" alt=\"Awesome Image\"><\/figure>\n                                    <div class=\"content-box\">\n                                        <div class=\"post-date\"><h3>01<span>Jun\u201921<\/span><\/h3><\/div>\n                                        <div class=\"text\">\n                                            <span class=\"category\"><i class=\"flaticon-star\"><\/i><\/span>\n                                            <h4><a href=\"https:\/\/montecristi.gob.ec\/en\/event\/street-san-antonio-sketches-urban-history-2\/\">POR ESAS MUJERES GUERRERAS \u203c\ufe0f<\/a><\/h4>\n                                        <\/div>\n                                    <\/div>\n                                <\/div>\n                                <div class=\"lower-content\">\n                                    <ul class=\"post-info clearfix\">\n                                        <li><i class=\"flaticon-clock-circular-outline\"><\/i>June 10, 2023 - June 10, 2023<\/li>\n                                        <li><i class=\"flaticon-gps\"><\/i>Plazoleta Eloy Alfaro<\/li>\n                                    <\/ul>\n                                    <div class=\"links\"><a href=\"https:\/\/montecristi.gob.ec\/en\/event\/street-san-antonio-sketches-urban-history-2\/\">Read More<i class=\"flaticon-right-arrow\"><\/i><\/a><\/div>\n                                <\/div>\n                            <\/div>\n                        <\/div>\n                    <\/div>\n\t\t\t\t\t                    <div class=\"col-lg-4 col-md-6 col-sm-12 schedule-block\">\n                        <div class=\"schedule-block-one\">\n                            <div class=\"inner-box\">\n                                <div class=\"image-box\">\n                                    <figure class=\"image\"><img decoding=\"async\" src=\"https:\/\/montecristi.gob.ec\/wp-content\/uploads\/2021\/06\/352528467_796934951995866_8221335773283291255_n.jpg\" alt=\"Awesome Image\"><\/figure>\n                                    <div class=\"content-box\">\n                                        <div class=\"post-date\"><h3>01<span>Jun\u201921<\/span><\/h3><\/div>\n                                        <div class=\"text\">\n                                            <span class=\"category\"><i class=\"flaticon-star\"><\/i><\/span>\n                                            <h4><a href=\"https:\/\/montecristi.gob.ec\/en\/event\/public-affairs-public-safety-committee-meeting-5\/\">\ud83d\udce3 \u00a1Noche Cultural! \ud83c\udf89<\/a><\/h4>\n                                        <\/div>\n                                    <\/div>\n                                <\/div>\n                                <div class=\"lower-content\">\n                                    <ul class=\"post-info clearfix\">\n                                        <li><i class=\"flaticon-clock-circular-outline\"><\/i>June 10, 2023 - June 10, 2023<\/li>\n                                        <li><i class=\"flaticon-gps\"><\/i>Plazoleta Eloy Alfaro<\/li>\n                                    <\/ul>\n                                    <div class=\"links\"><a href=\"https:\/\/montecristi.gob.ec\/en\/event\/public-affairs-public-safety-committee-meeting-5\/\">Read More<i class=\"flaticon-right-arrow\"><\/i><\/a><\/div>\n                                <\/div>\n                            <\/div>\n                        <\/div>\n                    <\/div>\n\t\t\t\t\t                    <div class=\"col-lg-4 col-md-6 col-sm-12 schedule-block\">\n                        <div class=\"schedule-block-one\">\n                            <div class=\"inner-box\">\n                                <div class=\"image-box\">\n                                    <figure class=\"image\"><img decoding=\"async\" src=\"https:\/\/montecristi.gob.ec\/wp-content\/uploads\/2023\/06\/355682472_804216767934351_502822575806752895_n.jpg\" alt=\"Awesome Image\"><\/figure>\n                                    <div class=\"content-box\">\n                                        <div class=\"post-date\"><h3>01<span>Jun\u201921<\/span><\/h3><\/div>\n                                        <div class=\"text\">\n                                            <span class=\"category\"><i class=\"flaticon-star\"><\/i><\/span>\n                                            <h4><a href=\"https:\/\/montecristi.gob.ec\/en\/event\/no-te-pierdas-nuestros-eventos-este-23-de-junio\/\">\u00a1No te pierdas nuestros eventos este 23 de junio!<\/a><\/h4>\n                                        <\/div>\n                                    <\/div>\n                                <\/div>\n                                <div class=\"lower-content\">\n                                    <ul class=\"post-info clearfix\">\n                                        <li><i class=\"flaticon-clock-circular-outline\"><\/i>June 23, 2023 - June 23, 2023<\/li>\n                                        <li><i class=\"flaticon-gps\"><\/i>Plazoleta Eloy Alfaro<\/li>\n                                    <\/ul>\n                                    <div class=\"links\"><a href=\"https:\/\/montecristi.gob.ec\/en\/event\/no-te-pierdas-nuestros-eventos-este-23-de-junio\/\">Read More<i class=\"flaticon-right-arrow\"><\/i><\/a><\/div>\n                                <\/div>\n                            <\/div>\n                        <\/div>\n                    <\/div>\n\t\t\t\t\t                    <div class=\"col-lg-4 col-md-6 col-sm-12 schedule-block\">\n                        <div class=\"schedule-block-one\">\n                            <div class=\"inner-box\">\n                                <div class=\"image-box\">\n                                    <figure class=\"image\"><img decoding=\"async\" src=\"https:\/\/montecristi.gob.ec\/wp-content\/uploads\/2023\/06\/355693518_804058961283465_1382781451740138287_n.jpg\" alt=\"Awesome Image\"><\/figure>\n                                    <div class=\"content-box\">\n                                        <div class=\"post-date\"><h3>01<span>Jun\u201921<\/span><\/h3><\/div>\n                                        <div class=\"text\">\n                                            <span class=\"category\"><i class=\"flaticon-star\"><\/i><\/span>\n                                            <h4><a href=\"https:\/\/montecristi.gob.ec\/en\/event\/desfile-civico-en-honor-a-los-199-anos-de-cantonizacion-de-nuestra-querida-ciudad\/\">Desfile c\u00edvico en honor a los 199 a\u00f1os de cantonizaci\u00f3n de nuestra querida ciudad<\/a><\/h4>\n                                        <\/div>\n                                    <\/div>\n                                <\/div>\n                                <div class=\"lower-content\">\n                                    <ul class=\"post-info clearfix\">\n                                        <li><i class=\"flaticon-clock-circular-outline\"><\/i>June 25, 2023 - June 25, 2023<\/li>\n                                        <li><i class=\"flaticon-gps\"><\/i><\/li>\n                                    <\/ul>\n                                    <div class=\"links\"><a href=\"https:\/\/montecristi.gob.ec\/en\/event\/desfile-civico-en-honor-a-los-199-anos-de-cantonizacion-de-nuestra-querida-ciudad\/\">Read More<i class=\"flaticon-right-arrow\"><\/i><\/a><\/div>\n                                <\/div>\n                            <\/div>\n                        <\/div>\n                    <\/div>\n\t\t\t\t\t                    <div class=\"col-lg-4 col-md-6 col-sm-12 schedule-block\">\n                        <div class=\"schedule-block-one\">\n                            <div class=\"inner-box\">\n                                <div class=\"image-box\">\n                                    <figure class=\"image\"><img decoding=\"async\" src=\"https:\/\/montecristi.gob.ec\/wp-content\/uploads\/2023\/07\/360139613_818319439857417_6897961394040347758_n-1.jpg\" alt=\"Awesome Image\"><\/figure>\n                                    <div class=\"content-box\">\n                                        <div class=\"post-date\"><h3>01<span>Jun\u201921<\/span><\/h3><\/div>\n                                        <div class=\"text\">\n                                            <span class=\"category\"><i class=\"flaticon-star\"><\/i><\/span>\n                                            <h4><a href=\"https:\/\/montecristi.gob.ec\/en\/event\/invitacion-publica\/\">Invitaci\u00f3n p\u00fablica<\/a><\/h4>\n                                        <\/div>\n                                    <\/div>\n                                <\/div>\n                                <div class=\"lower-content\">\n                                    <ul class=\"post-info clearfix\">\n                                        <li><i class=\"flaticon-clock-circular-outline\"><\/i>July 20, 2023 - July 20, 2023<\/li>\n                                        <li><i class=\"flaticon-gps\"><\/i><\/li>\n                                    <\/ul>\n                                    <div class=\"links\"><a href=\"https:\/\/montecristi.gob.ec\/en\/event\/invitacion-publica\/\">Read More<i class=\"flaticon-right-arrow\"><\/i><\/a><\/div>\n                                <\/div>\n                            <\/div>\n                        <\/div>\n                    <\/div>\n\t\t\t\t\t                    <div class=\"col-lg-4 col-md-6 col-sm-12 schedule-block\">\n                        <div class=\"schedule-block-one\">\n                            <div class=\"inner-box\">\n                                <div class=\"image-box\">\n                                    <figure class=\"image\"><img decoding=\"async\" src=\"https:\/\/montecristi.gob.ec\/wp-content\/uploads\/2023\/10\/Mesa-de-trabajo-1.jpg\" alt=\"Awesome Image\"><\/figure>\n                                    <div class=\"content-box\">\n                                        <div class=\"post-date\"><h3>01<span>Jun\u201921<\/span><\/h3><\/div>\n                                        <div class=\"text\">\n                                            <span class=\"category\"><i class=\"flaticon-star\"><\/i><\/span>\n                                            <h4><a href=\"https:\/\/montecristi.gob.ec\/en\/event\/cronograma-talleres-participativos-actulizacion-de-pdot-pugs\/\">Cronograma Talleres Participativos Actulizaci\u00f3n de PDOT &#038; PUGS<\/a><\/h4>\n                                        <\/div>\n                                    <\/div>\n                                <\/div>\n                                <div class=\"lower-content\">\n                                    <ul class=\"post-info clearfix\">\n                                        <li><i class=\"flaticon-clock-circular-outline\"><\/i>October 24, 2023 - October 24, 2023<\/li>\n                                        <li><i class=\"flaticon-gps\"><\/i><\/li>\n                                    <\/ul>\n                                    <div class=\"links\"><a href=\"https:\/\/montecristi.gob.ec\/en\/event\/cronograma-talleres-participativos-actulizacion-de-pdot-pugs\/\">Read More<i class=\"flaticon-right-arrow\"><\/i><\/a><\/div>\n                                <\/div>\n                            <\/div>\n                        <\/div>\n                    <\/div>\n\t\t\t\t\t                <\/div>\n            <\/div>\n        <\/section>\n        <!-- events-grid end -->\n\n        \t\t\t\t<\/div>\n\t\t\t\t<\/div>\n\t\t\t\t\t<\/div>\n\t\t<\/div>\n\t\t\t\t\t<\/div>\n\t\t<\/section>\n\t\t\t\t<\/div>","protected":false},"excerpt":{"rendered":"<p>01Jun\u201921 \u00a1\u00danete a la agenda cultural del Manabitismo y celebra con nosotros! junio 5 &#8211; junio 5 Plazoleta Eloy Alfaro Read More 01Jun\u201921 \u00a1Atenci\u00f3n, Montecristi! \ud83d\udc9a\ud83e\udd0d\u2764\ufe0f junio 7 &#8211; junio [&hellip;]<\/p>\n","protected":false},"author":1,"featured_media":0,"parent":0,"menu_order":0,"comment_status":"closed","ping_status":"closed","template":"tpl-default-elementor.php","meta":{"footnotes":""},"class_list":["post-872","page","type-page","status-publish","hentry"],"_links":{"self":[{"href":"https:\/\/montecristi.gob.ec\/en\/wp-json\/wp\/v2\/pages\/872","targetHints":{"allow":["GET"]}}],"collection":[{"href":"https:\/\/montecristi.gob.ec\/en\/wp-json\/wp\/v2\/pages"}],"about":[{"href":"https:\/\/montecristi.gob.ec\/en\/wp-json\/wp\/v2\/types\/page"}],"author":[{"embeddable":true,"href":"https:\/\/montecristi.gob.ec\/en\/wp-json\/wp\/v2\/users\/1"}],"replies":[{"embeddable":true,"href":"https:\/\/montecristi.gob.ec\/en\/wp-json\/wp\/v2\/comments?post=872"}],"version-history":[{"count":4,"href":"https:\/\/montecristi.gob.ec\/en\/wp-json\/wp\/v2\/pages\/872\/revisions"}],"predecessor-version":[{"id":1612,"href":"https:\/\/montecristi.gob.ec\/en\/wp-json\/wp\/v2\/pages\/872\/revisions\/1612"}],"wp:attachment":[{"href":"https:\/\/montecristi.gob.ec\/en\/wp-json\/wp\/v2\/media?parent=872"}],"curies":[{"name":"wp","href":"https:\/\/api.w.org\/{rel}","templated":true}]}}